{"id":555,"date":"2024-12-13T02:48:29","date_gmt":"2024-12-13T02:48:29","guid":{"rendered":"https:\/\/s3jnrqxbrg.onrocket.site\/?page_id=555"},"modified":"2025-01-03T14:16:19","modified_gmt":"2025-01-03T06:16:19","slug":"carta-de-compromisso-de-qualidade","status":"publish","type":"page","link":"https:\/\/tengyielectric.com\/pt\/quality-commitment-letter\/","title":{"rendered":"Carta de compromisso de qualidade"},"content":{"rendered":"<div class=\"gb-container gb-container-92e0c466\">\n<div class=\"gb-container gb-container-018f91a0\">\n<div class=\"gb-container gb-container-0f4efd6f\">\n\n<p>Prezados clientes da TENGYI;<\/p>\n\n\n\n<p>Temos o prazer de apresentar esta Carta de Compromisso de Qualidade referente aos transformadores produzidos por nossa empresa. Gostar\u00edamos de assegurar-lhe que todos os dados de teste associados aos nossos transformadores est\u00e3o em conformidade com as normas nacionais IEC e Tier 2.<\/p>\n\n\n\n<p>Para aumentar a confian\u00e7a na qualidade de nossos produtos, comprometemo-nos com o seguinte:<\/p>\n\n\n\n<p>Caso um transformador seja danificado (por exemplo, queime) devido a um defeito de fabrica\u00e7\u00e3o de nossa parte, substituiremos o transformador sem nenhum custo para sua empresa, juntamente com um per\u00edodo de garantia de dois anos.<\/p>\n\n\n\n<p>Para todos os produtos vendidos, nossa empresa colaborar\u00e1 ativamente com os usu\u00e1rios para garantir a opera\u00e7\u00e3o e a manuten\u00e7\u00e3o adequadas dos transformadores no local. Al\u00e9m disso, forneceremos pe\u00e7as de reposi\u00e7\u00e3o a pre\u00e7o de custo, adaptadas \u00e0s necessidades de nossos usu\u00e1rios.<\/p>\n\n\n\n<p>Seguimos o \"cliente, honesto ao p\u00e9 da letra desta legisla\u00e7\u00e3o, qualidade\", o objetivo do servi\u00e7o, o compromisso de fornecer aos clientes o valor dos produtos e um servi\u00e7o r\u00e1pido<\/p>\n\n\n\n<p>Obrigado por sua confian\u00e7a em nossos produtos. Esperamos continuar nossa parceria e garantir sua satisfa\u00e7\u00e3o.<\/p>\n\n\n\n<p>Sauda\u00e7\u00f5es,<\/p>\n\n\n\n<p>Fabricante da TENGYI ELECTRIC<\/p>\n\n<\/div>\n<\/div>\n<\/div>","protected":false},"excerpt":{"rendered":"<p>Dear TENGYI Customers; We are pleased to present this Quality Commitment Letter regarding the transformers produced by our company. We would like to assure you that all test data associated with our transformers comply with &#8230; <\/p>\n<p class=\"read-more-container\"><a title=\"Carta de compromisso de qualidade\" class=\"read-more button\" href=\"https:\/\/tengyielectric.com\/pt\/quality-commitment-letter\/#more-555\" aria-label=\"Read more about Quality Commitment Letter\">Leia mais<\/a><\/p>","protected":false},"author":2,"featured_media":0,"parent":0,"menu_order":0,"comment_status":"closed","ping_status":"closed","template":"","meta":{"footnotes":""},"class_list":{"0":"post-555","1":"page","2":"type-page","3":"status-publish","5":"no-featured-image-padding"},"yoast_head":"<!-- This site is optimized with the Yoast SEO plugin v27.5 - https:\/\/yoast.com\/product\/yoast-seo-wordpress\/ -->\n<title>Quality Commitment Letter - Tengyi Electric<\/title>\n<meta name=\"robots\" content=\"index, follow, max-snippet:-1, max-image-preview:large, max-video-preview:-1\" \/>\n<link rel=\"canonical\" href=\"https:\/\/tengyielectric.com\/pt\/carta-de-compromisso-de-qualidade\/\" \/>\n<meta property=\"og:locale\" content=\"pt_BR\" \/>\n<meta property=\"og:type\" content=\"article\" \/>\n<meta property=\"og:title\" content=\"Quality Commitment Letter - Tengyi Electric\" \/>\n<meta property=\"og:description\" content=\"Dear TENGYI Customers; We are pleased to present this Quality Commitment Letter regarding the transformers produced by our company. We would like to assure you that all test data associated with our transformers comply with ... Leia mais\" \/>\n<meta property=\"og:url\" content=\"https:\/\/tengyielectric.com\/pt\/carta-de-compromisso-de-qualidade\/\" \/>\n<meta property=\"og:site_name\" content=\"Tengyi Electric\" \/>\n<meta property=\"article:modified_time\" content=\"2025-01-03T06:16:19+00:00\" \/>\n<meta name=\"twitter:card\" content=\"summary_large_image\" \/>\n<meta name=\"twitter:label1\" content=\"Est. tempo de leitura\" \/>\n\t<meta name=\"twitter:data1\" content=\"1 minuto\" \/>\n<script type=\"application\/ld+json\" class=\"yoast-schema-graph\">{\"@context\":\"https:\\\/\\\/schema.org\",\"@graph\":[{\"@type\":\"WebPage\",\"@id\":\"https:\\\/\\\/tengyielectric.com\\\/quality-commitment-letter\\\/\",\"url\":\"https:\\\/\\\/tengyielectric.com\\\/quality-commitment-letter\\\/\",\"name\":\"Quality Commitment Letter - Tengyi Electric\",\"isPartOf\":{\"@id\":\"https:\\\/\\\/tengyielectric.com\\\/#website\"},\"datePublished\":\"2024-12-13T02:48:29+00:00\",\"dateModified\":\"2025-01-03T06:16:19+00:00\",\"breadcrumb\":{\"@id\":\"https:\\\/\\\/tengyielectric.com\\\/quality-commitment-letter\\\/#breadcrumb\"},\"inLanguage\":\"pt-BR\",\"potentialAction\":[{\"@type\":\"ReadAction\",\"target\":[\"https:\\\/\\\/tengyielectric.com\\\/quality-commitment-letter\\\/\"]}]},{\"@type\":\"BreadcrumbList\",\"@id\":\"https:\\\/\\\/tengyielectric.com\\\/quality-commitment-letter\\\/#breadcrumb\",\"itemListElement\":[{\"@type\":\"ListItem\",\"position\":1,\"name\":\"Home\",\"item\":\"https:\\\/\\\/tengyielectric.com\\\/\"},{\"@type\":\"ListItem\",\"position\":2,\"name\":\"Quality Commitment Letter\"}]},{\"@type\":\"WebSite\",\"@id\":\"https:\\\/\\\/tengyielectric.com\\\/#website\",\"url\":\"https:\\\/\\\/tengyielectric.com\\\/\",\"name\":\"Tengyi Electric\",\"description\":\"Leading Manufacturer on Transformer\",\"publisher\":{\"@id\":\"https:\\\/\\\/tengyielectric.com\\\/#organization\"},\"potentialAction\":[{\"@type\":\"SearchAction\",\"target\":{\"@type\":\"EntryPoint\",\"urlTemplate\":\"https:\\\/\\\/tengyielectric.com\\\/?s={search_term_string}\"},\"query-input\":{\"@type\":\"PropertyValueSpecification\",\"valueRequired\":true,\"valueName\":\"search_term_string\"}}],\"inLanguage\":\"pt-BR\"},{\"@type\":\"Organization\",\"@id\":\"https:\\\/\\\/tengyielectric.com\\\/#organization\",\"name\":\"Tengyi Electric\",\"url\":\"https:\\\/\\\/tengyielectric.com\\\/\",\"logo\":{\"@type\":\"ImageObject\",\"inLanguage\":\"pt-BR\",\"@id\":\"https:\\\/\\\/tengyielectric.com\\\/#\\\/schema\\\/logo\\\/image\\\/\",\"url\":\"https:\\\/\\\/tengyielectric.com\\\/wp-content\\\/uploads\\\/2024\\\/12\\\/logo.jpg\",\"contentUrl\":\"https:\\\/\\\/tengyielectric.com\\\/wp-content\\\/uploads\\\/2024\\\/12\\\/logo.jpg\",\"width\":1800,\"height\":570,\"caption\":\"Tengyi Electric\"},\"image\":{\"@id\":\"https:\\\/\\\/tengyielectric.com\\\/#\\\/schema\\\/logo\\\/image\\\/\"}}]}<\/script>\n<!-- \/ Yoast SEO plugin. -->","yoast_head_json":{"title":"Carta de Compromisso de Qualidade - Tengyi Electric","robots":{"index":"index","follow":"follow","max-snippet":"max-snippet:-1","max-image-preview":"max-image-preview:large","max-video-preview":"max-video-preview:-1"},"canonical":"https:\/\/tengyielectric.com\/pt\/carta-de-compromisso-de-qualidade\/","og_locale":"pt_BR","og_type":"article","og_title":"Quality Commitment Letter - Tengyi Electric","og_description":"Dear TENGYI Customers; We are pleased to present this Quality Commitment Letter regarding the transformers produced by our company. We would like to assure you that all test data associated with our transformers comply with ... Leia mais","og_url":"https:\/\/tengyielectric.com\/pt\/carta-de-compromisso-de-qualidade\/","og_site_name":"Tengyi Electric","article_modified_time":"2025-01-03T06:16:19+00:00","twitter_card":"summary_large_image","twitter_misc":{"Est. tempo de leitura":"1 minuto"},"schema":{"@context":"https:\/\/schema.org","@graph":[{"@type":"WebPage","@id":"https:\/\/tengyielectric.com\/quality-commitment-letter\/","url":"https:\/\/tengyielectric.com\/quality-commitment-letter\/","name":"Carta de Compromisso de Qualidade - Tengyi Electric","isPartOf":{"@id":"https:\/\/tengyielectric.com\/#website"},"datePublished":"2024-12-13T02:48:29+00:00","dateModified":"2025-01-03T06:16:19+00:00","breadcrumb":{"@id":"https:\/\/tengyielectric.com\/quality-commitment-letter\/#breadcrumb"},"inLanguage":"pt-BR","potentialAction":[{"@type":"ReadAction","target":["https:\/\/tengyielectric.com\/quality-commitment-letter\/"]}]},{"@type":"BreadcrumbList","@id":"https:\/\/tengyielectric.com\/quality-commitment-letter\/#breadcrumb","itemListElement":[{"@type":"ListItem","position":1,"name":"Home","item":"https:\/\/tengyielectric.com\/"},{"@type":"ListItem","position":2,"name":"Quality Commitment Letter"}]},{"@type":"WebSite","@id":"https:\/\/tengyielectric.com\/#website","url":"https:\/\/tengyielectric.com\/","name":"Tengyi Electric","description":"Fabricante l\u00edder em transformadores","publisher":{"@id":"https:\/\/tengyielectric.com\/#organization"},"potentialAction":[{"@type":"SearchAction","target":{"@type":"EntryPoint","urlTemplate":"https:\/\/tengyielectric.com\/?s={search_term_string}"},"query-input":{"@type":"PropertyValueSpecification","valueRequired":true,"valueName":"search_term_string"}}],"inLanguage":"pt-BR"},{"@type":"Organization","@id":"https:\/\/tengyielectric.com\/#organization","name":"Tengyi Electric","url":"https:\/\/tengyielectric.com\/","logo":{"@type":"ImageObject","inLanguage":"pt-BR","@id":"https:\/\/tengyielectric.com\/#\/schema\/logo\/image\/","url":"https:\/\/tengyielectric.com\/wp-content\/uploads\/2024\/12\/logo.jpg","contentUrl":"https:\/\/tengyielectric.com\/wp-content\/uploads\/2024\/12\/logo.jpg","width":1800,"height":570,"caption":"Tengyi Electric"},"image":{"@id":"https:\/\/tengyielectric.com\/#\/schema\/logo\/image\/"}}]}},"_links":{"self":[{"href":"https:\/\/tengyielectric.com\/pt\/wp-json\/wp\/v2\/pages\/555","targetHints":{"allow":["GET"]}}],"collection":[{"href":"https:\/\/tengyielectric.com\/pt\/wp-json\/wp\/v2\/pages"}],"about":[{"href":"https:\/\/tengyielectric.com\/pt\/wp-json\/wp\/v2\/types\/page"}],"author":[{"embeddable":true,"href":"https:\/\/tengyielectric.com\/pt\/wp-json\/wp\/v2\/users\/2"}],"replies":[{"embeddable":true,"href":"https:\/\/tengyielectric.com\/pt\/wp-json\/wp\/v2\/comments?post=555"}],"version-history":[{"count":0,"href":"https:\/\/tengyielectric.com\/pt\/wp-json\/wp\/v2\/pages\/555\/revisions"}],"wp:attachment":[{"href":"https:\/\/tengyielectric.com\/pt\/wp-json\/wp\/v2\/media?parent=555"}],"curies":[{"name":"wp","href":"https:\/\/api.w.org\/{rel}","templated":true}]}}