{"id":480,"date":"2024-12-13T02:15:06","date_gmt":"2024-12-13T02:15:06","guid":{"rendered":"https:\/\/s3jnrqxbrg.onrocket.site\/?page_id=480"},"modified":"2024-12-13T03:49:38","modified_gmt":"2024-12-13T03:49:38","slug":"certificados","status":"publish","type":"page","link":"https:\/\/tengyielectric.com\/pt\/certificates\/","title":{"rendered":"Certificados"},"content":{"rendered":"<div class=\"gb-container gb-container-92e0c466\">\n<div class=\"gb-container gb-container-018f91a0\">\n<div class=\"gb-container gb-container-d0d4194c\">\n\n<p class=\"gb-headline gb-headline-554592f3 gb-headline-text\">Nossa equipe \u00e9 composta por engenheiros el\u00e9tricos e mec\u00e2nicos altamente qualificados, engenheiros de testes e t\u00e9cnicos qualificados, equipe de servi\u00e7os de marketing nacional e internacional e equipe de servi\u00e7os de vendas, garantindo que nossos clientes recebam suporte abrangente desde a fase de licita\u00e7\u00e3o at\u00e9 o comissionamento e os testes no local.<\/p>\n\n\n\n<p class=\"gb-headline gb-headline-47665a83 gb-headline-text\">Nossos produtos s\u00e3o bem recebidos em todo o mercado nacional e foram exportados com sucesso para v\u00e1rios pa\u00edses e regi\u00f5es, incluindo Estados Unidos, Canad\u00e1, Austr\u00e1lia, Nova Zel\u00e2ndia, \u00cdndia, Madagascar, Vietn\u00e3, Camboja e Laos.<\/p>\n\n\n\n<p class=\"gb-headline gb-headline-be177989 gb-headline-text\">Todos os nossos transformadores s\u00e3o fabricados <strong>em conformidade com as normas ISO 9001, ISO 14001 e ISO 45001<\/strong>. Os transformadores de pot\u00eancia de classe 10kV e 35kV e as subesta\u00e7\u00f5es do tipo caixa produzidos pela Tengyi atenderam aos requisitos de certifica\u00e7\u00e3o da International Electrotechnical Commission (IEC), al\u00e9m de obterem certifica\u00e7\u00f5es da Canadian Standards Association (CSA) e da UL Limited Liability Company.<\/p>\n\n\n<div class=\"gb-container gb-container-99943c7a\">\n<div class=\"carousel-slider-outer carousel-slider-outer-image-carousel carousel-slider-outer-130\" style=\"--carousel-slider-nav-color:#f1f1f1;--carousel-slider-active-nav-color:#14344f;--carousel-slider-arrow-size:48px;--carousel-slider-bullet-size:10px\">\n<div id=\"&#039;id-130\" class=\"carousel-slider carousel-slider-130 arrows-visibility-never dots-visibility-always arrows-outside dots-center dots-circle owl-carousel\" data-slide-type=\"image-carousel\" data-owl-settings='{\"nav\":false,\"dots\":true,\"slideBy\":1,\"stagePadding\":0,\"margin\":10,\"loop\":true,\"lazyLoad\":false,\"autoplay\":true,\"autoplayTimeout\":5000,\"autoplaySpeed\":100,\"autoplayHoverPause\":true,\"autoWidth\":false,\"responsive\":{\"300\":{\"items\":1},\"576\":{\"items\":2},\"768\":{\"items\":3},\"1024\":{\"items\":3},\"1280\":{\"items\":4},\"1536\":{\"items\":5}}}'>\n<div class=\"carousel-slider__item\">\n\t<img decoding=\"async\" width=\"500\" height=\"660\" src=\"https:\/\/tengyielectric.com\/wp-content\/uploads\/2024\/12\/certificate-7.jpg\" class=\"attachment-medium_large size-medium_large\" alt=\"\" srcset=\"https:\/\/tengyielectric.com\/wp-content\/uploads\/2024\/12\/certificate-7.jpg 500w, https:\/\/tengyielectric.com\/wp-content\/uploads\/2024\/12\/certificate-7-227x300.jpg 227w\" sizes=\"(max-width: 500px) 100vw, 500px\" \/><\/a><\/div>\n\n<div class=\"carousel-slider__item\">\n\t<img decoding=\"async\" width=\"500\" height=\"660\" src=\"https:\/\/tengyielectric.com\/wp-content\/uploads\/2024\/12\/certificate-5.jpg\" class=\"attachment-medium_large size-medium_large\" alt=\"\" srcset=\"https:\/\/tengyielectric.com\/wp-content\/uploads\/2024\/12\/certificate-5.jpg 500w, https:\/\/tengyielectric.com\/wp-content\/uploads\/2024\/12\/certificate-5-227x300.jpg 227w\" sizes=\"(max-width: 500px) 100vw, 500px\" \/><\/a><\/div>\n\n<div class=\"carousel-slider__item\">\n\t<img decoding=\"async\" width=\"500\" height=\"660\" src=\"https:\/\/tengyielectric.com\/wp-content\/uploads\/2024\/12\/certificate-4.jpg\" class=\"attachment-medium_large size-medium_large\" alt=\"\" srcset=\"https:\/\/tengyielectric.com\/wp-content\/uploads\/2024\/12\/certificate-4.jpg 500w, https:\/\/tengyielectric.com\/wp-content\/uploads\/2024\/12\/certificate-4-227x300.jpg 227w\" sizes=\"(max-width: 500px) 100vw, 500px\" \/><\/a><\/div>\n\n<div class=\"carousel-slider__item\">\n\t<img decoding=\"async\" width=\"500\" height=\"660\" src=\"https:\/\/tengyielectric.com\/wp-content\/uploads\/2024\/12\/certificate-3.jpg\" class=\"attachment-medium_large size-medium_large\" alt=\"\" srcset=\"https:\/\/tengyielectric.com\/wp-content\/uploads\/2024\/12\/certificate-3.jpg 500w, https:\/\/tengyielectric.com\/wp-content\/uploads\/2024\/12\/certificate-3-227x300.jpg 227w\" sizes=\"(max-width: 500px) 100vw, 500px\" \/><\/a><\/div>\n\n<div class=\"carousel-slider__item\">\n\t<img decoding=\"async\" width=\"500\" height=\"660\" src=\"https:\/\/tengyielectric.com\/wp-content\/uploads\/2024\/12\/certificate-1.jpg\" class=\"attachment-medium_large size-medium_large\" alt=\"\" srcset=\"https:\/\/tengyielectric.com\/wp-content\/uploads\/2024\/12\/certificate-1.jpg 500w, https:\/\/tengyielectric.com\/wp-content\/uploads\/2024\/12\/certificate-1-227x300.jpg 227w\" sizes=\"(max-width: 500px) 100vw, 500px\" \/><\/a><\/div>\n\n<div class=\"carousel-slider__item\">\n\t<img decoding=\"async\" width=\"500\" height=\"660\" src=\"https:\/\/tengyielectric.com\/wp-content\/uploads\/2025\/01\/certificate2.jpg\" class=\"attachment-medium_large size-medium_large\" alt=\"\" srcset=\"https:\/\/tengyielectric.com\/wp-content\/uploads\/2025\/01\/certificate2.jpg 500w, https:\/\/tengyielectric.com\/wp-content\/uploads\/2025\/01\/certificate2-227x300.jpg 227w\" sizes=\"(max-width: 500px) 100vw, 500px\" \/><\/a><\/div>\n\n<div class=\"carousel-slider__item\">\n\t<img decoding=\"async\" width=\"500\" height=\"660\" src=\"https:\/\/tengyielectric.com\/wp-content\/uploads\/2025\/01\/certificate6.jpg\" class=\"attachment-medium_large size-medium_large\" alt=\"\" srcset=\"https:\/\/tengyielectric.com\/wp-content\/uploads\/2025\/01\/certificate6.jpg 500w, https:\/\/tengyielectric.com\/wp-content\/uploads\/2025\/01\/certificate6-227x300.jpg 227w\" sizes=\"(max-width: 500px) 100vw, 500px\" \/><\/a><\/div>\n\n<div class=\"carousel-slider__item\">\n\t<img decoding=\"async\" width=\"500\" height=\"660\" src=\"https:\/\/tengyielectric.com\/wp-content\/uploads\/2025\/04\/certificate9.jpg\" class=\"attachment-medium_large size-medium_large\" alt=\"\" srcset=\"https:\/\/tengyielectric.com\/wp-content\/uploads\/2025\/04\/certificate9.jpg 500w, https:\/\/tengyielectric.com\/wp-content\/uploads\/2025\/04\/certificate9-227x300.jpg 227w, https:\/\/tengyielectric.com\/wp-content\/uploads\/2025\/04\/certificate9-9x12.jpg 9w\" sizes=\"(max-width: 500px) 100vw, 500px\" \/><\/a><\/div>\n\n<div class=\"carousel-slider__item\">\n\t<img decoding=\"async\" width=\"500\" height=\"660\" src=\"https:\/\/tengyielectric.com\/wp-content\/uploads\/2025\/04\/certificate10.jpg\" class=\"attachment-medium_large size-medium_large\" alt=\"\" srcset=\"https:\/\/tengyielectric.com\/wp-content\/uploads\/2025\/04\/certificate10.jpg 500w, https:\/\/tengyielectric.com\/wp-content\/uploads\/2025\/04\/certificate10-227x300.jpg 227w, https:\/\/tengyielectric.com\/wp-content\/uploads\/2025\/04\/certificate10-9x12.jpg 9w\" sizes=\"(max-width: 500px) 100vw, 500px\" \/><\/a><\/div>\n\n<div class=\"carousel-slider__item\">\n\t<img decoding=\"async\" width=\"500\" height=\"660\" src=\"https:\/\/tengyielectric.com\/wp-content\/uploads\/2025\/04\/certificate11.jpg\" class=\"attachment-medium_large size-medium_large\" alt=\"\" srcset=\"https:\/\/tengyielectric.com\/wp-content\/uploads\/2025\/04\/certificate11.jpg 500w, https:\/\/tengyielectric.com\/wp-content\/uploads\/2025\/04\/certificate11-227x300.jpg 227w, https:\/\/tengyielectric.com\/wp-content\/uploads\/2025\/04\/certificate11-9x12.jpg 9w\" sizes=\"(max-width: 500px) 100vw, 500px\" \/><\/a><\/div>\n\n<\/div><!-- .carousel-slider-130 -->\n<\/div><!-- .carousel-slider-outer-130 -->\n\n\n<\/div>\n\n<div class=\"gb-container gb-container-f9e68e6b\">\n\n<a class=\"gb-button gb-button-ef0351a3 gb-button-text\" href=\"#popmake-576\">Personalize seus projetos<\/a>\n\n<\/div>\n<\/div>\n<\/div>\n<\/div>\n\n<div class=\"gb-container gb-container-43e8f379\">\n<div class=\"gb-container gb-container-50927aa2\">\n<div class=\"gb-container gb-container-ad477d10\">\n\n<h2 class=\"gb-headline gb-headline-74a14fbd gb-headline-text\">Explica\u00e7\u00e3o dos certificados<\/h2>\n\n\n\n<p class=\"gb-headline gb-headline-a74adafb gb-headline-text\">As certifica\u00e7\u00f5es CSA, CE, UL e ECM s\u00e3o importantes certifica\u00e7\u00f5es de qualidade e seguran\u00e7a que desempenham um papel fundamental na exporta\u00e7\u00e3o de transformadores e subesta\u00e7\u00f5es. Essas certifica\u00e7\u00f5es s\u00e3o essenciais para garantir que os transformadores e as subesta\u00e7\u00f5es sejam seguros, confi\u00e1veis e estejam em conformidade com as regulamenta\u00e7\u00f5es de diferentes mercados, facilitando nossa exporta\u00e7\u00e3o e aceita\u00e7\u00e3o em v\u00e1rias regi\u00f5es.<\/p>\n\n\n\n<p><strong>CSA (Associa\u00e7\u00e3o Canadense de Normas)<\/strong>:<br>A certifica\u00e7\u00e3o CSA garante que os produtos <strong>atender \u00e0s normas canadenses<\/strong> para seguran\u00e7a e desempenho. Para transformadores e subesta\u00e7\u00f5es, essa certifica\u00e7\u00e3o \u00e9 fundamental para entrar no mercado canadense, pois indica a conformidade com as normas nacionais de seguran\u00e7a. Ela garante aos clientes que o produto foi testado e atende a crit\u00e9rios espec\u00edficos de desempenho.<\/p>\n\n\n\n<p><strong>CE (Conformidade Europeia)<\/strong>:<br>A marca\u00e7\u00e3o CE \u00e9 uma marca de conformidade obrigat\u00f3ria para os produtos vendidos na Uni\u00e3o Europeia. <strong>Espa\u00e7o Econ\u00f4mico Europeu<\/strong> (EEA). Ela indica que um produto atende aos padr\u00f5es de seguran\u00e7a, sa\u00fade e prote\u00e7\u00e3o ambiental da UE. Para transformadores e subesta\u00e7\u00f5es, a certifica\u00e7\u00e3o CE \u00e9 necess\u00e1ria para demonstrar a conformidade com as diretrizes europeias, o que a torna essencial para a exporta\u00e7\u00e3o para pa\u00edses europeus.<\/p>\n\n\n\n<p><strong>UL (Underwriters Laboratories)<\/strong>:<br>A certifica\u00e7\u00e3o UL \u00e9 uma certifica\u00e7\u00e3o de seguran\u00e7a amplamente reconhecida em <strong>os Estados Unidos<\/strong>. Para equipamentos el\u00e9tricos, como transformadores e subesta\u00e7\u00f5es, a certifica\u00e7\u00e3o UL indica que o produto foi testado quanto \u00e0 seguran\u00e7a e ao desempenho em rela\u00e7\u00e3o a padr\u00f5es espec\u00edficos. Muitas vezes, ela \u00e9 exigida para acesso ao mercado dos EUA e \u00e9 uma marca confi\u00e1vel para consumidores e ind\u00fastrias.<\/p>\n\n\n\n<p><strong>ECM (medidas de conserva\u00e7\u00e3o de energia)<\/strong>:<br>Certifica\u00e7\u00f5es de ECM, geralmente relacionadas a <strong>padr\u00f5es de efici\u00eancia energ\u00e9tica<\/strong>Os indicadores de desempenho, como o \u00cdndice de Desempenho Energ\u00e9tico, indicam que os transformadores e as subesta\u00e7\u00f5es atendem a determinados requisitos de conserva\u00e7\u00e3o de energia. Isso \u00e9 cada vez mais importante nos mercados globais que priorizam a sustentabilidade e a efici\u00eancia energ\u00e9tica. A certifica\u00e7\u00e3o ECM pode aumentar a comercializa\u00e7\u00e3o e a aceita\u00e7\u00e3o do produto, especialmente em regi\u00f5es que se concentram na redu\u00e7\u00e3o do consumo de energia e do impacto ambiental.<\/p>\n\n\n<div class=\"gb-container gb-container-d4ac18d1\">\n\n<a class=\"gb-button gb-button-08d73ed8 gb-button-text\" href=\"#popmake-576\">Fale com nossos especialistas<\/a>\n\n<\/div>\n<\/div>\n<\/div>\n<\/div>","protected":false},"excerpt":{"rendered":"<p>Our team consists of highly skilled electrical and mechanical engineers, testing engineers, and qualified technicians, domestic and international marketing service team, and sales service team, ensuring our clients receive comprehensive support from the tender phase &#8230; <\/p>\n<p class=\"read-more-container\"><a title=\"Certificados\" class=\"read-more button\" href=\"https:\/\/tengyielectric.com\/pt\/certificates\/#more-480\" aria-label=\"Read more about Certificates\">Leia mais<\/a><\/p>","protected":false},"author":2,"featured_media":0,"parent":0,"menu_order":0,"comment_status":"closed","ping_status":"closed","template":"","meta":{"footnotes":""},"class_list":{"0":"post-480","1":"page","2":"type-page","3":"status-publish","5":"no-featured-image-padding"},"yoast_head":"<!-- This site is optimized with the Yoast SEO plugin v27.5 - https:\/\/yoast.com\/product\/yoast-seo-wordpress\/ -->\n<title>Certificates - Tengyi Electric<\/title>\n<meta name=\"robots\" content=\"index, follow, max-snippet:-1, max-image-preview:large, max-video-preview:-1\" \/>\n<link rel=\"canonical\" href=\"https:\/\/tengyielectric.com\/pt\/certificados\/\" \/>\n<meta property=\"og:locale\" content=\"pt_BR\" \/>\n<meta property=\"og:type\" content=\"article\" \/>\n<meta property=\"og:title\" content=\"Certificates - Tengyi Electric\" \/>\n<meta property=\"og:description\" content=\"Our team consists of highly skilled electrical and mechanical engineers, testing engineers, and qualified technicians, domestic and international marketing service team, and sales service team, ensuring our clients receive comprehensive support from the tender phase ... Leia mais\" \/>\n<meta property=\"og:url\" content=\"https:\/\/tengyielectric.com\/pt\/certificados\/\" \/>\n<meta property=\"og:site_name\" content=\"Tengyi Electric\" \/>\n<meta property=\"article:modified_time\" content=\"2024-12-13T03:49:38+00:00\" \/>\n<meta name=\"twitter:card\" content=\"summary_large_image\" \/>\n<meta name=\"twitter:label1\" content=\"Est. tempo de leitura\" \/>\n\t<meta name=\"twitter:data1\" content=\"2 minutos\" \/>\n<script type=\"application\/ld+json\" class=\"yoast-schema-graph\">{\"@context\":\"https:\\\/\\\/schema.org\",\"@graph\":[{\"@type\":\"WebPage\",\"@id\":\"https:\\\/\\\/tengyielectric.com\\\/certificates\\\/\",\"url\":\"https:\\\/\\\/tengyielectric.com\\\/certificates\\\/\",\"name\":\"Certificates - Tengyi Electric\",\"isPartOf\":{\"@id\":\"https:\\\/\\\/tengyielectric.com\\\/#website\"},\"datePublished\":\"2024-12-13T02:15:06+00:00\",\"dateModified\":\"2024-12-13T03:49:38+00:00\",\"breadcrumb\":{\"@id\":\"https:\\\/\\\/tengyielectric.com\\\/certificates\\\/#breadcrumb\"},\"inLanguage\":\"pt-BR\",\"potentialAction\":[{\"@type\":\"ReadAction\",\"target\":[\"https:\\\/\\\/tengyielectric.com\\\/certificates\\\/\"]}]},{\"@type\":\"BreadcrumbList\",\"@id\":\"https:\\\/\\\/tengyielectric.com\\\/certificates\\\/#breadcrumb\",\"itemListElement\":[{\"@type\":\"ListItem\",\"position\":1,\"name\":\"Home\",\"item\":\"https:\\\/\\\/tengyielectric.com\\\/\"},{\"@type\":\"ListItem\",\"position\":2,\"name\":\"Certificates\"}]},{\"@type\":\"WebSite\",\"@id\":\"https:\\\/\\\/tengyielectric.com\\\/#website\",\"url\":\"https:\\\/\\\/tengyielectric.com\\\/\",\"name\":\"Tengyi Electric\",\"description\":\"Leading Manufacturer on Transformer\",\"publisher\":{\"@id\":\"https:\\\/\\\/tengyielectric.com\\\/#organization\"},\"potentialAction\":[{\"@type\":\"SearchAction\",\"target\":{\"@type\":\"EntryPoint\",\"urlTemplate\":\"https:\\\/\\\/tengyielectric.com\\\/?s={search_term_string}\"},\"query-input\":{\"@type\":\"PropertyValueSpecification\",\"valueRequired\":true,\"valueName\":\"search_term_string\"}}],\"inLanguage\":\"pt-BR\"},{\"@type\":\"Organization\",\"@id\":\"https:\\\/\\\/tengyielectric.com\\\/#organization\",\"name\":\"Tengyi Electric\",\"url\":\"https:\\\/\\\/tengyielectric.com\\\/\",\"logo\":{\"@type\":\"ImageObject\",\"inLanguage\":\"pt-BR\",\"@id\":\"https:\\\/\\\/tengyielectric.com\\\/#\\\/schema\\\/logo\\\/image\\\/\",\"url\":\"https:\\\/\\\/tengyielectric.com\\\/wp-content\\\/uploads\\\/2024\\\/12\\\/logo.jpg\",\"contentUrl\":\"https:\\\/\\\/tengyielectric.com\\\/wp-content\\\/uploads\\\/2024\\\/12\\\/logo.jpg\",\"width\":1800,\"height\":570,\"caption\":\"Tengyi Electric\"},\"image\":{\"@id\":\"https:\\\/\\\/tengyielectric.com\\\/#\\\/schema\\\/logo\\\/image\\\/\"}}]}<\/script>\n<!-- \/ Yoast SEO plugin. -->","yoast_head_json":{"title":"Certificados - Tengyi Electric","robots":{"index":"index","follow":"follow","max-snippet":"max-snippet:-1","max-image-preview":"max-image-preview:large","max-video-preview":"max-video-preview:-1"},"canonical":"https:\/\/tengyielectric.com\/pt\/certificados\/","og_locale":"pt_BR","og_type":"article","og_title":"Certificates - Tengyi Electric","og_description":"Our team consists of highly skilled electrical and mechanical engineers, testing engineers, and qualified technicians, domestic and international marketing service team, and sales service team, ensuring our clients receive comprehensive support from the tender phase ... Leia mais","og_url":"https:\/\/tengyielectric.com\/pt\/certificados\/","og_site_name":"Tengyi Electric","article_modified_time":"2024-12-13T03:49:38+00:00","twitter_card":"summary_large_image","twitter_misc":{"Est. tempo de leitura":"2 minutos"},"schema":{"@context":"https:\/\/schema.org","@graph":[{"@type":"WebPage","@id":"https:\/\/tengyielectric.com\/certificates\/","url":"https:\/\/tengyielectric.com\/certificates\/","name":"Certificados - Tengyi Electric","isPartOf":{"@id":"https:\/\/tengyielectric.com\/#website"},"datePublished":"2024-12-13T02:15:06+00:00","dateModified":"2024-12-13T03:49:38+00:00","breadcrumb":{"@id":"https:\/\/tengyielectric.com\/certificates\/#breadcrumb"},"inLanguage":"pt-BR","potentialAction":[{"@type":"ReadAction","target":["https:\/\/tengyielectric.com\/certificates\/"]}]},{"@type":"BreadcrumbList","@id":"https:\/\/tengyielectric.com\/certificates\/#breadcrumb","itemListElement":[{"@type":"ListItem","position":1,"name":"Home","item":"https:\/\/tengyielectric.com\/"},{"@type":"ListItem","position":2,"name":"Certificates"}]},{"@type":"WebSite","@id":"https:\/\/tengyielectric.com\/#website","url":"https:\/\/tengyielectric.com\/","name":"Tengyi Electric","description":"Fabricante l\u00edder em transformadores","publisher":{"@id":"https:\/\/tengyielectric.com\/#organization"},"potentialAction":[{"@type":"SearchAction","target":{"@type":"EntryPoint","urlTemplate":"https:\/\/tengyielectric.com\/?s={search_term_string}"},"query-input":{"@type":"PropertyValueSpecification","valueRequired":true,"valueName":"search_term_string"}}],"inLanguage":"pt-BR"},{"@type":"Organization","@id":"https:\/\/tengyielectric.com\/#organization","name":"Tengyi Electric","url":"https:\/\/tengyielectric.com\/","logo":{"@type":"ImageObject","inLanguage":"pt-BR","@id":"https:\/\/tengyielectric.com\/#\/schema\/logo\/image\/","url":"https:\/\/tengyielectric.com\/wp-content\/uploads\/2024\/12\/logo.jpg","contentUrl":"https:\/\/tengyielectric.com\/wp-content\/uploads\/2024\/12\/logo.jpg","width":1800,"height":570,"caption":"Tengyi Electric"},"image":{"@id":"https:\/\/tengyielectric.com\/#\/schema\/logo\/image\/"}}]}},"_links":{"self":[{"href":"https:\/\/tengyielectric.com\/pt\/wp-json\/wp\/v2\/pages\/480","targetHints":{"allow":["GET"]}}],"collection":[{"href":"https:\/\/tengyielectric.com\/pt\/wp-json\/wp\/v2\/pages"}],"about":[{"href":"https:\/\/tengyielectric.com\/pt\/wp-json\/wp\/v2\/types\/page"}],"author":[{"embeddable":true,"href":"https:\/\/tengyielectric.com\/pt\/wp-json\/wp\/v2\/users\/2"}],"replies":[{"embeddable":true,"href":"https:\/\/tengyielectric.com\/pt\/wp-json\/wp\/v2\/comments?post=480"}],"version-history":[{"count":0,"href":"https:\/\/tengyielectric.com\/pt\/wp-json\/wp\/v2\/pages\/480\/revisions"}],"wp:attachment":[{"href":"https:\/\/tengyielectric.com\/pt\/wp-json\/wp\/v2\/media?parent=480"}],"curies":[{"name":"wp","href":"https:\/\/api.w.org\/{rel}","templated":true}]}}