{"id":1493,"date":"2025-04-30T17:26:10","date_gmt":"2025-04-30T09:26:10","guid":{"rendered":"https:\/\/s3jnrqxbrg.onrocket.site\/?page_id=1493"},"modified":"2025-12-04T13:37:21","modified_gmt":"2025-12-04T05:37:21","slug":"video","status":"publish","type":"page","link":"https:\/\/tengyielectric.com\/pt\/video\/","title":{"rendered":"V\u00eddeo"},"content":{"rendered":"<div class=\"gb-container gb-container-eff00e02\">\n<div class=\"gb-container gb-container-ff33bcfa\">\n\n<h2 class=\"gb-headline gb-headline-71d0c865 gb-headline-text\">Casos<\/h2>\n\n\n<div class=\"gb-container gb-container-a0ee50eb\">\n<div class=\"gb-grid-wrapper gb-grid-wrapper-196a9520\">\n<div class=\"gb-grid-column gb-grid-column-f93ecf17\"><div class=\"gb-container gb-container-f93ecf17\">\n\n<figure class=\"wp-block-embed is-type-video is-provider-youtube wp-block-embed-youtube wp-embed-aspect-16-9 wp-has-aspect-ratio\"><div class=\"wp-block-embed__wrapper\">\n<iframe title=\"Caso Marocco: Transformador de 110KV\/50000KVA pronto para ser enviado\" width=\"1200\" height=\"675\" src=\"https:\/\/www.youtube.com\/embed\/CtbkSOANXn8?feature=oembed\" frameborder=\"0\" allow=\"accelerometer; autoplay; clipboard-write; encrypted-media; gyroscope; picture-in-picture; web-share\" referrerpolicy=\"strict-origin-when-cross-origin\" allowfullscreen><\/iframe>\n<\/div><\/figure>\n\n<\/div><\/div>\n\n<div class=\"gb-grid-column gb-grid-column-d0707ff0\"><div class=\"gb-container gb-container-d0707ff0\">\n\n<figure class=\"wp-block-embed is-type-video is-provider-youtube wp-block-embed-youtube wp-embed-aspect-16-9 wp-has-aspect-ratio\"><div class=\"wp-block-embed__wrapper\">\n<iframe title=\"Caso da subesta\u00e7\u00e3o transformadora\" width=\"1200\" height=\"675\" src=\"https:\/\/www.youtube.com\/embed\/Xetqy2r2kiY?feature=oembed\" frameborder=\"0\" allow=\"accelerometer; autoplay; clipboard-write; encrypted-media; gyroscope; picture-in-picture; web-share\" referrerpolicy=\"strict-origin-when-cross-origin\" allowfullscreen><\/iframe>\n<\/div><\/figure>\n\n<\/div><\/div>\n\n<div class=\"gb-grid-column gb-grid-column-bf8fe6fa\"><div class=\"gb-container gb-container-bf8fe6fa\">\n\n<figure class=\"wp-block-embed is-type-video is-provider-youtube wp-block-embed-youtube wp-embed-aspect-16-9 wp-has-aspect-ratio\"><div class=\"wp-block-embed__wrapper\">\n<iframe title=\"Transporte e instala\u00e7\u00e3o de transformadores\" width=\"1200\" height=\"675\" src=\"https:\/\/www.youtube.com\/embed\/Jd3rFbqtZZ8?feature=oembed\" frameborder=\"0\" allow=\"accelerometer; autoplay; clipboard-write; encrypted-media; gyroscope; picture-in-picture; web-share\" referrerpolicy=\"strict-origin-when-cross-origin\" allowfullscreen><\/iframe>\n<\/div><\/figure>\n\n<\/div><\/div>\n\n<div class=\"gb-grid-column gb-grid-column-eca7c03d\"><div class=\"gb-container gb-container-eca7c03d\">\n\n<figure class=\"wp-block-embed is-type-video is-provider-youtube wp-block-embed-youtube wp-embed-aspect-16-9 wp-has-aspect-ratio\"><div class=\"wp-block-embed__wrapper\">\n<iframe title=\"Instala\u00e7\u00e3o de transformador de energia de 220kV nos Estados Unidos\" width=\"1200\" height=\"675\" src=\"https:\/\/www.youtube.com\/embed\/zzjkzoJAYgU?feature=oembed\" frameborder=\"0\" allow=\"accelerometer; autoplay; clipboard-write; encrypted-media; gyroscope; picture-in-picture; web-share\" referrerpolicy=\"strict-origin-when-cross-origin\" allowfullscreen><\/iframe>\n<\/div><\/figure>\n\n<\/div><\/div>\n\n<div class=\"gb-grid-column gb-grid-column-0b29bd40\"><div class=\"gb-container gb-container-0b29bd40\">\n\n<figure class=\"wp-block-embed is-type-video is-provider-youtube wp-block-embed-youtube wp-embed-aspect-16-9 wp-has-aspect-ratio\"><div class=\"wp-block-embed__wrapper\">\n<iframe title=\"Projeto da usina de Tengyi\" width=\"1200\" height=\"675\" src=\"https:\/\/www.youtube.com\/embed\/-gUTLHorF7Q?feature=oembed\" frameborder=\"0\" allow=\"accelerometer; autoplay; clipboard-write; encrypted-media; gyroscope; picture-in-picture; web-share\" referrerpolicy=\"strict-origin-when-cross-origin\" allowfullscreen><\/iframe>\n<\/div><\/figure>\n\n<\/div><\/div>\n\n<div class=\"gb-grid-column gb-grid-column-5b9d4f20\"><div class=\"gb-container gb-container-5b9d4f20\">\n\n<figure class=\"wp-block-embed is-type-video is-provider-youtube wp-block-embed-youtube wp-embed-aspect-16-9 wp-has-aspect-ratio\"><div class=\"wp-block-embed__wrapper\">\n<iframe title=\"Entrega do transformador Tengyi\" width=\"1200\" height=\"900\" src=\"https:\/\/www.youtube.com\/embed\/t5RVTlEckJA?feature=oembed\" frameborder=\"0\" allow=\"accelerometer; autoplay; clipboard-write; encrypted-media; gyroscope; picture-in-picture; web-share\" referrerpolicy=\"strict-origin-when-cross-origin\" allowfullscreen><\/iframe>\n<\/div><\/figure>\n\n<\/div><\/div>\n\n<div class=\"gb-grid-column gb-grid-column-a059d858\"><div class=\"gb-container gb-container-a059d858\">\n\n<figure class=\"wp-block-embed is-type-video is-provider-youtube wp-block-embed-youtube wp-embed-aspect-16-9 wp-has-aspect-ratio\"><div class=\"wp-block-embed__wrapper\">\n<iframe title=\"DOE 2016 Three Phase Pad Mount Transformer Test\" width=\"1200\" height=\"675\" src=\"https:\/\/www.youtube.com\/embed\/llzlJrbyJS0?feature=oembed\" frameborder=\"0\" allow=\"accelerometer; autoplay; clipboard-write; encrypted-media; gyroscope; picture-in-picture; web-share\" referrerpolicy=\"strict-origin-when-cross-origin\" allowfullscreen><\/iframe>\n<\/div><\/figure>\n\n<\/div><\/div>\n<\/div>\n<\/div>\n<\/div>\n<\/div>\n\n<div class=\"gb-container gb-container-414da098\">\n<div class=\"gb-container gb-container-441ea0e1\">\n\n<h2 class=\"gb-headline gb-headline-51f8dd3c gb-headline-text\">Produ\u00e7\u00e3o<\/h2>\n\n\n<div class=\"gb-container gb-container-f28c6b27\">\n<div class=\"gb-grid-wrapper gb-grid-wrapper-3ce475c1\">\n<div class=\"gb-grid-column gb-grid-column-c142703b\"><div class=\"gb-container gb-container-c142703b\">\n\n<figure class=\"wp-block-embed is-type-video is-provider-youtube wp-block-embed-youtube wp-embed-aspect-16-9 wp-has-aspect-ratio\"><div class=\"wp-block-embed__wrapper\">\n<iframe title=\"Parte do manual de produ\u00e7\u00e3o do transformador\" width=\"1200\" height=\"675\" src=\"https:\/\/www.youtube.com\/embed\/V0DxP43NKBk?feature=oembed\" frameborder=\"0\" allow=\"accelerometer; autoplay; clipboard-write; encrypted-media; gyroscope; picture-in-picture; web-share\" referrerpolicy=\"strict-origin-when-cross-origin\" allowfullscreen><\/iframe>\n<\/div><\/figure>\n\n<\/div><\/div>\n\n<div class=\"gb-grid-column gb-grid-column-caa8abba\"><div class=\"gb-container gb-container-caa8abba\">\n\n<figure class=\"wp-block-embed is-type-video is-provider-youtube wp-block-embed-youtube wp-embed-aspect-16-9 wp-has-aspect-ratio\"><div class=\"wp-block-embed__wrapper\">\n<iframe title=\"Tengyi High Tech - O rob\u00f4 solda o tanque de \u00f3leo do transformador de pot\u00eancia\" width=\"1200\" height=\"675\" src=\"https:\/\/www.youtube.com\/embed\/eFpIqQ4uKLE?feature=oembed\" frameborder=\"0\" allow=\"accelerometer; autoplay; clipboard-write; encrypted-media; gyroscope; picture-in-picture; web-share\" referrerpolicy=\"strict-origin-when-cross-origin\" allowfullscreen><\/iframe>\n<\/div><\/figure>\n\n<\/div><\/div>\n\n<div class=\"gb-grid-column gb-grid-column-3beca6d1\"><div class=\"gb-container gb-container-3beca6d1\">\n\n<figure class=\"wp-block-embed is-type-video is-provider-youtube wp-block-embed-youtube wp-embed-aspect-16-9 wp-has-aspect-ratio\"><div class=\"wp-block-embed__wrapper\">\n<iframe title=\"Detalhes de alta tecnologia da Tengyi Transformer Prodcution\" width=\"1200\" height=\"675\" src=\"https:\/\/www.youtube.com\/embed\/3tCdrwOhzyg?feature=oembed\" frameborder=\"0\" allow=\"accelerometer; autoplay; clipboard-write; encrypted-media; gyroscope; picture-in-picture; web-share\" referrerpolicy=\"strict-origin-when-cross-origin\" allowfullscreen><\/iframe>\n<\/div><\/figure>\n\n<\/div><\/div>\n\n<div class=\"gb-grid-column gb-grid-column-67db049c\"><div class=\"gb-container gb-container-67db049c\">\n\n<figure class=\"wp-block-embed is-type-video is-provider-youtube wp-block-embed-youtube wp-embed-aspect-16-9 wp-has-aspect-ratio\"><div class=\"wp-block-embed__wrapper\">\n<iframe title=\"Oficina de bobinas de transformador do tipo seco Tengyi\" width=\"1200\" height=\"675\" src=\"https:\/\/www.youtube.com\/embed\/jJDwjEJNgwQ?feature=oembed\" frameborder=\"0\" allow=\"accelerometer; autoplay; clipboard-write; encrypted-media; gyroscope; picture-in-picture; web-share\" referrerpolicy=\"strict-origin-when-cross-origin\" allowfullscreen><\/iframe>\n<\/div><\/figure>\n\n<\/div><\/div>\n\n<div class=\"gb-grid-column gb-grid-column-93939fae\"><div class=\"gb-container gb-container-93939fae\">\n\n<figure class=\"wp-block-embed is-type-video is-provider-youtube wp-block-embed-youtube wp-embed-aspect-16-9 wp-has-aspect-ratio\"><div class=\"wp-block-embed__wrapper\">\n<iframe title=\"Produ\u00e7\u00e3o de transformadores Tengyi\" width=\"1200\" height=\"900\" src=\"https:\/\/www.youtube.com\/embed\/7HCBE065Mgg?feature=oembed\" frameborder=\"0\" allow=\"accelerometer; autoplay; clipboard-write; encrypted-media; gyroscope; picture-in-picture; web-share\" referrerpolicy=\"strict-origin-when-cross-origin\" allowfullscreen><\/iframe>\n<\/div><\/figure>\n\n<\/div><\/div>\n\n<div class=\"gb-grid-column gb-grid-column-46bb186d\"><div class=\"gb-container gb-container-46bb186d\">\n\n<figure class=\"wp-block-embed is-type-video is-provider-youtube wp-block-embed-youtube wp-embed-aspect-16-9 wp-has-aspect-ratio\"><div class=\"wp-block-embed__wrapper\">\n<iframe title=\"Tengyi Transformer Production Detail\" width=\"1200\" height=\"675\" src=\"https:\/\/www.youtube.com\/embed\/_n1SOAwz76U?feature=oembed\" frameborder=\"0\" allow=\"accelerometer; autoplay; clipboard-write; encrypted-media; gyroscope; picture-in-picture; web-share\" referrerpolicy=\"strict-origin-when-cross-origin\" allowfullscreen><\/iframe>\n<\/div><\/figure>\n\n<\/div><\/div>\n\n<div class=\"gb-grid-column gb-grid-column-4ec9afe3\"><div class=\"gb-container gb-container-4ec9afe3\">\n\n<figure class=\"wp-block-embed is-type-video is-provider-youtube wp-block-embed-youtube wp-embed-aspect-16-9 wp-has-aspect-ratio\"><div class=\"wp-block-embed__wrapper\">\n<iframe title=\"Tengyi Transformer Production Workshop\" width=\"1200\" height=\"675\" src=\"https:\/\/www.youtube.com\/embed\/aPP7qawKhmg?feature=oembed\" frameborder=\"0\" allow=\"accelerometer; autoplay; clipboard-write; encrypted-media; gyroscope; picture-in-picture; web-share\" referrerpolicy=\"strict-origin-when-cross-origin\" allowfullscreen><\/iframe>\n<\/div><\/figure>\n\n<\/div><\/div>\n<\/div>\n<\/div>\n<\/div>\n<\/div>\n\n<div class=\"gb-container gb-container-c31f197f\">\n<div class=\"gb-container gb-container-5805314b\">\n\n<h2 class=\"gb-headline gb-headline-a1b9f9d2 gb-headline-text\">Manuten\u00e7\u00e3o<\/h2>\n\n\n<div class=\"gb-container gb-container-280c622e\">\n<div class=\"gb-grid-wrapper gb-grid-wrapper-7f92f27b\">\n<div class=\"gb-grid-column gb-grid-column-3bf88e63\"><div class=\"gb-container gb-container-3bf88e63\">\n\n<figure class=\"wp-block-embed is-type-video is-provider-youtube wp-block-embed-youtube wp-embed-aspect-16-9 wp-has-aspect-ratio\"><div class=\"wp-block-embed__wrapper\">\n<iframe title=\"Pulveriza\u00e7\u00e3o de \u00e1gua para resfriamento do transformador\" width=\"1200\" height=\"675\" src=\"https:\/\/www.youtube.com\/embed\/69GWFRCqLok?feature=oembed\" frameborder=\"0\" allow=\"accelerometer; autoplay; clipboard-write; encrypted-media; gyroscope; picture-in-picture; web-share\" referrerpolicy=\"strict-origin-when-cross-origin\" allowfullscreen><\/iframe>\n<\/div><\/figure>\n\n<\/div><\/div>\n<\/div>\n<\/div>\n<\/div>\n<\/div>","protected":false},"excerpt":{"rendered":"<p>Casos Manuten\u00e7\u00e3o da produ\u00e7\u00e3o<\/p>","protected":false},"author":2,"featured_media":0,"parent":0,"menu_order":0,"comment_status":"closed","ping_status":"closed","template":"","meta":{"footnotes":""},"class_list":{"0":"post-1493","1":"page","2":"type-page","3":"status-publish","5":"no-featured-image-padding"},"yoast_head":"<!-- This site is optimized with the Yoast SEO plugin v27.5 - https:\/\/yoast.com\/product\/yoast-seo-wordpress\/ -->\n<title>Video - Tengyi Electric<\/title>\n<meta name=\"robots\" content=\"index, follow, max-snippet:-1, max-image-preview:large, max-video-preview:-1\" \/>\n<link rel=\"canonical\" href=\"https:\/\/tengyielectric.com\/pt\/video\/\" \/>\n<meta property=\"og:locale\" content=\"pt_BR\" \/>\n<meta property=\"og:type\" content=\"article\" \/>\n<meta property=\"og:title\" content=\"Video - Tengyi Electric\" \/>\n<meta property=\"og:description\" content=\"Cases Production Maintenance\" \/>\n<meta property=\"og:url\" content=\"https:\/\/tengyielectric.com\/pt\/video\/\" \/>\n<meta property=\"og:site_name\" content=\"Tengyi Electric\" \/>\n<meta property=\"article:modified_time\" content=\"2025-12-04T05:37:21+00:00\" \/>\n<meta name=\"twitter:card\" content=\"summary_large_image\" \/>\n<meta name=\"twitter:label1\" content=\"Est. tempo de leitura\" \/>\n\t<meta name=\"twitter:data1\" content=\"1 minuto\" \/>\n<script type=\"application\/ld+json\" class=\"yoast-schema-graph\">{\"@context\":\"https:\\\/\\\/schema.org\",\"@graph\":[{\"@type\":\"WebPage\",\"@id\":\"https:\\\/\\\/tengyielectric.com\\\/video\\\/\",\"url\":\"https:\\\/\\\/tengyielectric.com\\\/video\\\/\",\"name\":\"Video - Tengyi Electric\",\"isPartOf\":{\"@id\":\"https:\\\/\\\/tengyielectric.com\\\/#website\"},\"datePublished\":\"2025-04-30T09:26:10+00:00\",\"dateModified\":\"2025-12-04T05:37:21+00:00\",\"breadcrumb\":{\"@id\":\"https:\\\/\\\/tengyielectric.com\\\/video\\\/#breadcrumb\"},\"inLanguage\":\"pt-BR\",\"potentialAction\":[{\"@type\":\"ReadAction\",\"target\":[\"https:\\\/\\\/tengyielectric.com\\\/video\\\/\"]}]},{\"@type\":\"BreadcrumbList\",\"@id\":\"https:\\\/\\\/tengyielectric.com\\\/video\\\/#breadcrumb\",\"itemListElement\":[{\"@type\":\"ListItem\",\"position\":1,\"name\":\"Home\",\"item\":\"https:\\\/\\\/tengyielectric.com\\\/\"},{\"@type\":\"ListItem\",\"position\":2,\"name\":\"Video\"}]},{\"@type\":\"WebSite\",\"@id\":\"https:\\\/\\\/tengyielectric.com\\\/#website\",\"url\":\"https:\\\/\\\/tengyielectric.com\\\/\",\"name\":\"Tengyi Electric\",\"description\":\"Leading Manufacturer on Transformer\",\"publisher\":{\"@id\":\"https:\\\/\\\/tengyielectric.com\\\/#organization\"},\"potentialAction\":[{\"@type\":\"SearchAction\",\"target\":{\"@type\":\"EntryPoint\",\"urlTemplate\":\"https:\\\/\\\/tengyielectric.com\\\/?s={search_term_string}\"},\"query-input\":{\"@type\":\"PropertyValueSpecification\",\"valueRequired\":true,\"valueName\":\"search_term_string\"}}],\"inLanguage\":\"pt-BR\"},{\"@type\":\"Organization\",\"@id\":\"https:\\\/\\\/tengyielectric.com\\\/#organization\",\"name\":\"Tengyi Electric\",\"url\":\"https:\\\/\\\/tengyielectric.com\\\/\",\"logo\":{\"@type\":\"ImageObject\",\"inLanguage\":\"pt-BR\",\"@id\":\"https:\\\/\\\/tengyielectric.com\\\/#\\\/schema\\\/logo\\\/image\\\/\",\"url\":\"https:\\\/\\\/tengyielectric.com\\\/wp-content\\\/uploads\\\/2024\\\/12\\\/logo.jpg\",\"contentUrl\":\"https:\\\/\\\/tengyielectric.com\\\/wp-content\\\/uploads\\\/2024\\\/12\\\/logo.jpg\",\"width\":1800,\"height\":570,\"caption\":\"Tengyi Electric\"},\"image\":{\"@id\":\"https:\\\/\\\/tengyielectric.com\\\/#\\\/schema\\\/logo\\\/image\\\/\"}}]}<\/script>\n<!-- \/ Yoast SEO plugin. -->","yoast_head_json":{"title":"V\u00eddeo - Tengyi Electric","robots":{"index":"index","follow":"follow","max-snippet":"max-snippet:-1","max-image-preview":"max-image-preview:large","max-video-preview":"max-video-preview:-1"},"canonical":"https:\/\/tengyielectric.com\/pt\/video\/","og_locale":"pt_BR","og_type":"article","og_title":"Video - Tengyi Electric","og_description":"Cases Production Maintenance","og_url":"https:\/\/tengyielectric.com\/pt\/video\/","og_site_name":"Tengyi Electric","article_modified_time":"2025-12-04T05:37:21+00:00","twitter_card":"summary_large_image","twitter_misc":{"Est. tempo de leitura":"1 minuto"},"schema":{"@context":"https:\/\/schema.org","@graph":[{"@type":"WebPage","@id":"https:\/\/tengyielectric.com\/video\/","url":"https:\/\/tengyielectric.com\/video\/","name":"V\u00eddeo - Tengyi Electric","isPartOf":{"@id":"https:\/\/tengyielectric.com\/#website"},"datePublished":"2025-04-30T09:26:10+00:00","dateModified":"2025-12-04T05:37:21+00:00","breadcrumb":{"@id":"https:\/\/tengyielectric.com\/video\/#breadcrumb"},"inLanguage":"pt-BR","potentialAction":[{"@type":"ReadAction","target":["https:\/\/tengyielectric.com\/video\/"]}]},{"@type":"BreadcrumbList","@id":"https:\/\/tengyielectric.com\/video\/#breadcrumb","itemListElement":[{"@type":"ListItem","position":1,"name":"Home","item":"https:\/\/tengyielectric.com\/"},{"@type":"ListItem","position":2,"name":"Video"}]},{"@type":"WebSite","@id":"https:\/\/tengyielectric.com\/#website","url":"https:\/\/tengyielectric.com\/","name":"Tengyi Electric","description":"Fabricante l\u00edder em transformadores","publisher":{"@id":"https:\/\/tengyielectric.com\/#organization"},"potentialAction":[{"@type":"SearchAction","target":{"@type":"EntryPoint","urlTemplate":"https:\/\/tengyielectric.com\/?s={search_term_string}"},"query-input":{"@type":"PropertyValueSpecification","valueRequired":true,"valueName":"search_term_string"}}],"inLanguage":"pt-BR"},{"@type":"Organization","@id":"https:\/\/tengyielectric.com\/#organization","name":"Tengyi Electric","url":"https:\/\/tengyielectric.com\/","logo":{"@type":"ImageObject","inLanguage":"pt-BR","@id":"https:\/\/tengyielectric.com\/#\/schema\/logo\/image\/","url":"https:\/\/tengyielectric.com\/wp-content\/uploads\/2024\/12\/logo.jpg","contentUrl":"https:\/\/tengyielectric.com\/wp-content\/uploads\/2024\/12\/logo.jpg","width":1800,"height":570,"caption":"Tengyi Electric"},"image":{"@id":"https:\/\/tengyielectric.com\/#\/schema\/logo\/image\/"}}]}},"_links":{"self":[{"href":"https:\/\/tengyielectric.com\/pt\/wp-json\/wp\/v2\/pages\/1493","targetHints":{"allow":["GET"]}}],"collection":[{"href":"https:\/\/tengyielectric.com\/pt\/wp-json\/wp\/v2\/pages"}],"about":[{"href":"https:\/\/tengyielectric.com\/pt\/wp-json\/wp\/v2\/types\/page"}],"author":[{"embeddable":true,"href":"https:\/\/tengyielectric.com\/pt\/wp-json\/wp\/v2\/users\/2"}],"replies":[{"embeddable":true,"href":"https:\/\/tengyielectric.com\/pt\/wp-json\/wp\/v2\/comments?post=1493"}],"version-history":[{"count":0,"href":"https:\/\/tengyielectric.com\/pt\/wp-json\/wp\/v2\/pages\/1493\/revisions"}],"wp:attachment":[{"href":"https:\/\/tengyielectric.com\/pt\/wp-json\/wp\/v2\/media?parent=1493"}],"curies":[{"name":"wp","href":"https:\/\/api.w.org\/{rel}","templated":true}]}}