{"id":480,"date":"2024-12-13T02:15:06","date_gmt":"2024-12-13T02:15:06","guid":{"rendered":"https:\/\/s3jnrqxbrg.onrocket.site\/?page_id=480"},"modified":"2024-12-13T03:49:38","modified_gmt":"2024-12-13T03:49:38","slug":"certificati","status":"publish","type":"page","link":"https:\/\/tengyielectric.com\/it\/certificates\/","title":{"rendered":"Certificati"},"content":{"rendered":"<div class=\"gb-container gb-container-92e0c466\">\n<div class=\"gb-container gb-container-018f91a0\">\n<div class=\"gb-container gb-container-d0d4194c\">\n\n<p class=\"gb-headline gb-headline-554592f3 gb-headline-text\">Il nostro team \u00e8 composto da ingegneri elettrici e meccanici altamente qualificati, ingegneri di collaudo e tecnici qualificati, team di assistenza al marketing nazionale e internazionale e team di assistenza alle vendite, che assicurano ai nostri clienti un supporto completo dalla fase di gara alla messa in funzione e al collaudo in loco.<\/p>\n\n\n\n<p class=\"gb-headline gb-headline-47665a83 gb-headline-text\">I nostri prodotti sono ben accolti sul mercato nazionale e sono stati esportati con successo in diversi Paesi e regioni, tra cui Stati Uniti, Canada, Australia, Nuova Zelanda, India, Madagascar, Vietnam, Cambogia e Laos.<\/p>\n\n\n\n<p class=\"gb-headline gb-headline-be177989 gb-headline-text\">Tutti i nostri trasformatori sono prodotti <strong>in conformit\u00e0 alle norme ISO 9001, ISO 14001 e ISO 45001.<\/strong>. I trasformatori di potenza di classe 10kV e 35kV e le sottostazioni di tipo box prodotti da Tengyi hanno soddisfatto i requisiti di certificazione della Commissione Elettrotecnica Internazionale (IEC), oltre ad aver ottenuto le certificazioni della Canadian Standards Association (CSA) e della UL Limited Liability Company.<\/p>\n\n\n<div class=\"gb-container gb-container-99943c7a\">\n<div class=\"carousel-slider-outer carousel-slider-outer-image-carousel carousel-slider-outer-130\" style=\"--carousel-slider-nav-color:#f1f1f1;--carousel-slider-active-nav-color:#14344f;--carousel-slider-arrow-size:48px;--carousel-slider-bullet-size:10px\">\n<div id=\"&#039;id-130\" class=\"carousel-slider carousel-slider-130 arrows-visibility-never dots-visibility-always arrows-outside dots-center dots-circle owl-carousel\" data-slide-type=\"image-carousel\" data-owl-settings='{\"nav\":false,\"dots\":true,\"slideBy\":1,\"stagePadding\":0,\"margin\":10,\"loop\":true,\"lazyLoad\":false,\"autoplay\":true,\"autoplayTimeout\":5000,\"autoplaySpeed\":100,\"autoplayHoverPause\":true,\"autoWidth\":false,\"responsive\":{\"300\":{\"items\":1},\"576\":{\"items\":2},\"768\":{\"items\":3},\"1024\":{\"items\":3},\"1280\":{\"items\":4},\"1536\":{\"items\":5}}}'>\n<div class=\"carousel-slider__item\">\n\t<img decoding=\"async\" width=\"500\" height=\"660\" src=\"https:\/\/tengyielectric.com\/wp-content\/uploads\/2024\/12\/certificate-7.jpg\" class=\"attachment-medium_large size-medium_large\" alt=\"\" srcset=\"https:\/\/tengyielectric.com\/wp-content\/uploads\/2024\/12\/certificate-7.jpg 500w, https:\/\/tengyielectric.com\/wp-content\/uploads\/2024\/12\/certificate-7-227x300.jpg 227w\" sizes=\"(max-width: 500px) 100vw, 500px\" \/><\/a><\/div>\n\n<div class=\"carousel-slider__item\">\n\t<img decoding=\"async\" width=\"500\" height=\"660\" src=\"https:\/\/tengyielectric.com\/wp-content\/uploads\/2024\/12\/certificate-5.jpg\" class=\"attachment-medium_large size-medium_large\" alt=\"\" srcset=\"https:\/\/tengyielectric.com\/wp-content\/uploads\/2024\/12\/certificate-5.jpg 500w, https:\/\/tengyielectric.com\/wp-content\/uploads\/2024\/12\/certificate-5-227x300.jpg 227w\" sizes=\"(max-width: 500px) 100vw, 500px\" \/><\/a><\/div>\n\n<div class=\"carousel-slider__item\">\n\t<img decoding=\"async\" width=\"500\" height=\"660\" src=\"https:\/\/tengyielectric.com\/wp-content\/uploads\/2024\/12\/certificate-4.jpg\" class=\"attachment-medium_large size-medium_large\" alt=\"\" srcset=\"https:\/\/tengyielectric.com\/wp-content\/uploads\/2024\/12\/certificate-4.jpg 500w, https:\/\/tengyielectric.com\/wp-content\/uploads\/2024\/12\/certificate-4-227x300.jpg 227w\" sizes=\"(max-width: 500px) 100vw, 500px\" \/><\/a><\/div>\n\n<div class=\"carousel-slider__item\">\n\t<img decoding=\"async\" width=\"500\" height=\"660\" src=\"https:\/\/tengyielectric.com\/wp-content\/uploads\/2024\/12\/certificate-3.jpg\" class=\"attachment-medium_large size-medium_large\" alt=\"\" srcset=\"https:\/\/tengyielectric.com\/wp-content\/uploads\/2024\/12\/certificate-3.jpg 500w, https:\/\/tengyielectric.com\/wp-content\/uploads\/2024\/12\/certificate-3-227x300.jpg 227w\" sizes=\"(max-width: 500px) 100vw, 500px\" \/><\/a><\/div>\n\n<div class=\"carousel-slider__item\">\n\t<img decoding=\"async\" width=\"500\" height=\"660\" src=\"https:\/\/tengyielectric.com\/wp-content\/uploads\/2024\/12\/certificate-1.jpg\" class=\"attachment-medium_large size-medium_large\" alt=\"\" srcset=\"https:\/\/tengyielectric.com\/wp-content\/uploads\/2024\/12\/certificate-1.jpg 500w, https:\/\/tengyielectric.com\/wp-content\/uploads\/2024\/12\/certificate-1-227x300.jpg 227w\" sizes=\"(max-width: 500px) 100vw, 500px\" \/><\/a><\/div>\n\n<div class=\"carousel-slider__item\">\n\t<img decoding=\"async\" width=\"500\" height=\"660\" src=\"https:\/\/tengyielectric.com\/wp-content\/uploads\/2025\/01\/certificate2.jpg\" class=\"attachment-medium_large size-medium_large\" alt=\"\" srcset=\"https:\/\/tengyielectric.com\/wp-content\/uploads\/2025\/01\/certificate2.jpg 500w, https:\/\/tengyielectric.com\/wp-content\/uploads\/2025\/01\/certificate2-227x300.jpg 227w\" sizes=\"(max-width: 500px) 100vw, 500px\" \/><\/a><\/div>\n\n<div class=\"carousel-slider__item\">\n\t<img decoding=\"async\" width=\"500\" height=\"660\" src=\"https:\/\/tengyielectric.com\/wp-content\/uploads\/2025\/01\/certificate6.jpg\" class=\"attachment-medium_large size-medium_large\" alt=\"\" srcset=\"https:\/\/tengyielectric.com\/wp-content\/uploads\/2025\/01\/certificate6.jpg 500w, https:\/\/tengyielectric.com\/wp-content\/uploads\/2025\/01\/certificate6-227x300.jpg 227w\" sizes=\"(max-width: 500px) 100vw, 500px\" \/><\/a><\/div>\n\n<div class=\"carousel-slider__item\">\n\t<img decoding=\"async\" width=\"500\" height=\"660\" src=\"https:\/\/tengyielectric.com\/wp-content\/uploads\/2025\/04\/certificate9.jpg\" class=\"attachment-medium_large size-medium_large\" alt=\"\" srcset=\"https:\/\/tengyielectric.com\/wp-content\/uploads\/2025\/04\/certificate9.jpg 500w, https:\/\/tengyielectric.com\/wp-content\/uploads\/2025\/04\/certificate9-227x300.jpg 227w, https:\/\/tengyielectric.com\/wp-content\/uploads\/2025\/04\/certificate9-9x12.jpg 9w\" sizes=\"(max-width: 500px) 100vw, 500px\" \/><\/a><\/div>\n\n<div class=\"carousel-slider__item\">\n\t<img decoding=\"async\" width=\"500\" height=\"660\" src=\"https:\/\/tengyielectric.com\/wp-content\/uploads\/2025\/04\/certificate10.jpg\" class=\"attachment-medium_large size-medium_large\" alt=\"\" srcset=\"https:\/\/tengyielectric.com\/wp-content\/uploads\/2025\/04\/certificate10.jpg 500w, https:\/\/tengyielectric.com\/wp-content\/uploads\/2025\/04\/certificate10-227x300.jpg 227w, https:\/\/tengyielectric.com\/wp-content\/uploads\/2025\/04\/certificate10-9x12.jpg 9w\" sizes=\"(max-width: 500px) 100vw, 500px\" \/><\/a><\/div>\n\n<div class=\"carousel-slider__item\">\n\t<img decoding=\"async\" width=\"500\" height=\"660\" src=\"https:\/\/tengyielectric.com\/wp-content\/uploads\/2025\/04\/certificate11.jpg\" class=\"attachment-medium_large size-medium_large\" alt=\"\" srcset=\"https:\/\/tengyielectric.com\/wp-content\/uploads\/2025\/04\/certificate11.jpg 500w, https:\/\/tengyielectric.com\/wp-content\/uploads\/2025\/04\/certificate11-227x300.jpg 227w, https:\/\/tengyielectric.com\/wp-content\/uploads\/2025\/04\/certificate11-9x12.jpg 9w\" sizes=\"(max-width: 500px) 100vw, 500px\" \/><\/a><\/div>\n\n<\/div><!-- .carousel-slider-130 -->\n<\/div><!-- .carousel-slider-outer-130 -->\n\n\n<\/div>\n\n<div class=\"gb-container gb-container-f9e68e6b\">\n\n<a class=\"gb-button gb-button-ef0351a3 gb-button-text\" href=\"#popmake-576\">Personalizzare i progetti<\/a>\n\n<\/div>\n<\/div>\n<\/div>\n<\/div>\n\n<div class=\"gb-container gb-container-43e8f379\">\n<div class=\"gb-container gb-container-50927aa2\">\n<div class=\"gb-container gb-container-ad477d10\">\n\n<h2 class=\"gb-headline gb-headline-74a14fbd gb-headline-text\">Certificati Spiegazione<\/h2>\n\n\n\n<p class=\"gb-headline gb-headline-a74adafb gb-headline-text\">Le certificazioni CSA, CE, UL ed ECM sono importanti certificazioni di qualit\u00e0 e sicurezza che svolgono un ruolo fondamentale nell'esportazione di trasformatori e sottostazioni. Queste certificazioni sono essenziali per garantire che i trasformatori e le sottostazioni siano sicuri, affidabili e conformi alle normative dei diversi mercati, facilitando l'esportazione e l'accettazione in varie regioni.<\/p>\n\n\n\n<p><strong>CSA (Associazione canadese per gli standard)<\/strong>:<br>La certificazione CSA garantisce che i prodotti <strong>soddisfano gli standard canadesi<\/strong> per la sicurezza e le prestazioni. Per i trasformatori e le sottostazioni, questa certificazione \u00e8 fondamentale per entrare nel mercato canadese, in quanto indica la conformit\u00e0 alle normative di sicurezza nazionali. Assicura ai clienti che il prodotto \u00e8 stato testato e soddisfa specifici criteri di prestazione.<\/p>\n\n\n\n<p><strong>CE (Conformit\u00e0 Europea)<\/strong>:<br>Il marchio CE \u00e8 un marchio di conformit\u00e0 obbligatorio per i prodotti venduti all'interno dell'Unione Europea. <strong>Spazio economico europeo<\/strong> (EEA). Indica che un prodotto soddisfa gli standard di sicurezza, salute e protezione ambientale dell'UE. Per i trasformatori e le sottostazioni, la certificazione CE \u00e8 necessaria per dimostrare la conformit\u00e0 alle direttive europee, ed \u00e8 quindi essenziale per l'esportazione nei Paesi europei.<\/p>\n\n\n\n<p><strong>UL (Underwriters Laboratories)<\/strong>:<br>La certificazione UL \u00e8 una certificazione di sicurezza ampiamente riconosciuta in <strong>gli Stati Uniti<\/strong>. Per le apparecchiature elettriche come trasformatori e sottostazioni, la certificazione UL indica che il prodotto \u00e8 stato testato per la sicurezza e le prestazioni rispetto a standard specifici. \u00c8 spesso richiesta per l'accesso al mercato statunitense ed \u00e8 un marchio di fiducia per i consumatori e le industrie.<\/p>\n\n\n\n<p><strong>ECM (Misure di conservazione dell'energia)<\/strong>:<br>Certificazioni ECM, spesso relative a <strong>standard di efficienza energetica<\/strong>indicano che i trasformatori e le sottostazioni soddisfano determinati requisiti di conservazione dell'energia. Si tratta di un aspetto sempre pi\u00f9 importante nei mercati globali che danno priorit\u00e0 alla sostenibilit\u00e0 e all'efficienza energetica. La certificazione ECM pu\u00f2 migliorare la commerciabilit\u00e0 e l'accettazione del prodotto, soprattutto nelle regioni che si concentrano sulla riduzione del consumo energetico e dell'impatto ambientale.<\/p>\n\n\n<div class=\"gb-container gb-container-d4ac18d1\">\n\n<a class=\"gb-button gb-button-08d73ed8 gb-button-text\" href=\"#popmake-576\">Parlate con i nostri esperti<\/a>\n\n<\/div>\n<\/div>\n<\/div>\n<\/div>","protected":false},"excerpt":{"rendered":"<p>Our team consists of highly skilled electrical and mechanical engineers, testing engineers, and qualified technicians, domestic and international marketing service team, and sales service team, ensuring our clients receive comprehensive support from the tender phase &#8230; <\/p>\n<p class=\"read-more-container\"><a title=\"Certificati\" class=\"read-more button\" href=\"https:\/\/tengyielectric.com\/it\/certificates\/#more-480\" aria-label=\"Per saperne di pi\u00f9 su Certificates\">Leggi tutto<\/a><\/p>","protected":false},"author":2,"featured_media":0,"parent":0,"menu_order":0,"comment_status":"closed","ping_status":"closed","template":"","meta":{"footnotes":""},"class_list":{"0":"post-480","1":"page","2":"type-page","3":"status-publish","5":"no-featured-image-padding"},"yoast_head":"<!-- This site is optimized with the Yoast SEO plugin v27.5 - https:\/\/yoast.com\/product\/yoast-seo-wordpress\/ -->\n<title>Certificates - Tengyi Electric<\/title>\n<meta name=\"robots\" content=\"index, follow, max-snippet:-1, max-image-preview:large, max-video-preview:-1\" \/>\n<link rel=\"canonical\" href=\"https:\/\/tengyielectric.com\/it\/certificati\/\" \/>\n<meta property=\"og:locale\" content=\"it_IT\" \/>\n<meta property=\"og:type\" content=\"article\" \/>\n<meta property=\"og:title\" content=\"Certificates - Tengyi Electric\" \/>\n<meta property=\"og:description\" content=\"Our team consists of highly skilled electrical and mechanical engineers, testing engineers, and qualified technicians, domestic and international marketing service team, and sales service team, ensuring our clients receive comprehensive support from the tender phase ... Leggi tutto\" \/>\n<meta property=\"og:url\" content=\"https:\/\/tengyielectric.com\/it\/certificati\/\" \/>\n<meta property=\"og:site_name\" content=\"Tengyi Electric\" \/>\n<meta property=\"article:modified_time\" content=\"2024-12-13T03:49:38+00:00\" \/>\n<meta name=\"twitter:card\" content=\"summary_large_image\" \/>\n<meta name=\"twitter:label1\" content=\"Tempo di lettura stimato\" \/>\n\t<meta name=\"twitter:data1\" content=\"2 minuti\" \/>\n<script type=\"application\/ld+json\" class=\"yoast-schema-graph\">{\"@context\":\"https:\\\/\\\/schema.org\",\"@graph\":[{\"@type\":\"WebPage\",\"@id\":\"https:\\\/\\\/tengyielectric.com\\\/certificates\\\/\",\"url\":\"https:\\\/\\\/tengyielectric.com\\\/certificates\\\/\",\"name\":\"Certificates - Tengyi Electric\",\"isPartOf\":{\"@id\":\"https:\\\/\\\/tengyielectric.com\\\/#website\"},\"datePublished\":\"2024-12-13T02:15:06+00:00\",\"dateModified\":\"2024-12-13T03:49:38+00:00\",\"breadcrumb\":{\"@id\":\"https:\\\/\\\/tengyielectric.com\\\/certificates\\\/#breadcrumb\"},\"inLanguage\":\"it-IT\",\"potentialAction\":[{\"@type\":\"ReadAction\",\"target\":[\"https:\\\/\\\/tengyielectric.com\\\/certificates\\\/\"]}]},{\"@type\":\"BreadcrumbList\",\"@id\":\"https:\\\/\\\/tengyielectric.com\\\/certificates\\\/#breadcrumb\",\"itemListElement\":[{\"@type\":\"ListItem\",\"position\":1,\"name\":\"Home\",\"item\":\"https:\\\/\\\/tengyielectric.com\\\/\"},{\"@type\":\"ListItem\",\"position\":2,\"name\":\"Certificates\"}]},{\"@type\":\"WebSite\",\"@id\":\"https:\\\/\\\/tengyielectric.com\\\/#website\",\"url\":\"https:\\\/\\\/tengyielectric.com\\\/\",\"name\":\"Tengyi Electric\",\"description\":\"Leading Manufacturer on Transformer\",\"publisher\":{\"@id\":\"https:\\\/\\\/tengyielectric.com\\\/#organization\"},\"potentialAction\":[{\"@type\":\"SearchAction\",\"target\":{\"@type\":\"EntryPoint\",\"urlTemplate\":\"https:\\\/\\\/tengyielectric.com\\\/?s={search_term_string}\"},\"query-input\":{\"@type\":\"PropertyValueSpecification\",\"valueRequired\":true,\"valueName\":\"search_term_string\"}}],\"inLanguage\":\"it-IT\"},{\"@type\":\"Organization\",\"@id\":\"https:\\\/\\\/tengyielectric.com\\\/#organization\",\"name\":\"Tengyi Electric\",\"url\":\"https:\\\/\\\/tengyielectric.com\\\/\",\"logo\":{\"@type\":\"ImageObject\",\"inLanguage\":\"it-IT\",\"@id\":\"https:\\\/\\\/tengyielectric.com\\\/#\\\/schema\\\/logo\\\/image\\\/\",\"url\":\"https:\\\/\\\/tengyielectric.com\\\/wp-content\\\/uploads\\\/2024\\\/12\\\/logo.jpg\",\"contentUrl\":\"https:\\\/\\\/tengyielectric.com\\\/wp-content\\\/uploads\\\/2024\\\/12\\\/logo.jpg\",\"width\":1800,\"height\":570,\"caption\":\"Tengyi Electric\"},\"image\":{\"@id\":\"https:\\\/\\\/tengyielectric.com\\\/#\\\/schema\\\/logo\\\/image\\\/\"}}]}<\/script>\n<!-- \/ Yoast SEO plugin. -->","yoast_head_json":{"title":"Certificati - Tengyi Electric","robots":{"index":"index","follow":"follow","max-snippet":"max-snippet:-1","max-image-preview":"max-image-preview:large","max-video-preview":"max-video-preview:-1"},"canonical":"https:\/\/tengyielectric.com\/it\/certificati\/","og_locale":"it_IT","og_type":"article","og_title":"Certificates - Tengyi Electric","og_description":"Our team consists of highly skilled electrical and mechanical engineers, testing engineers, and qualified technicians, domestic and international marketing service team, and sales service team, ensuring our clients receive comprehensive support from the tender phase ... Leggi tutto","og_url":"https:\/\/tengyielectric.com\/it\/certificati\/","og_site_name":"Tengyi Electric","article_modified_time":"2024-12-13T03:49:38+00:00","twitter_card":"summary_large_image","twitter_misc":{"Tempo di lettura stimato":"2 minuti"},"schema":{"@context":"https:\/\/schema.org","@graph":[{"@type":"WebPage","@id":"https:\/\/tengyielectric.com\/certificates\/","url":"https:\/\/tengyielectric.com\/certificates\/","name":"Certificati - Tengyi Electric","isPartOf":{"@id":"https:\/\/tengyielectric.com\/#website"},"datePublished":"2024-12-13T02:15:06+00:00","dateModified":"2024-12-13T03:49:38+00:00","breadcrumb":{"@id":"https:\/\/tengyielectric.com\/certificates\/#breadcrumb"},"inLanguage":"it-IT","potentialAction":[{"@type":"ReadAction","target":["https:\/\/tengyielectric.com\/certificates\/"]}]},{"@type":"BreadcrumbList","@id":"https:\/\/tengyielectric.com\/certificates\/#breadcrumb","itemListElement":[{"@type":"ListItem","position":1,"name":"Home","item":"https:\/\/tengyielectric.com\/"},{"@type":"ListItem","position":2,"name":"Certificates"}]},{"@type":"WebSite","@id":"https:\/\/tengyielectric.com\/#website","url":"https:\/\/tengyielectric.com\/","name":"Tengyi Electric","description":"Produttore leader di trasformatori","publisher":{"@id":"https:\/\/tengyielectric.com\/#organization"},"potentialAction":[{"@type":"SearchAction","target":{"@type":"EntryPoint","urlTemplate":"https:\/\/tengyielectric.com\/?s={search_term_string}"},"query-input":{"@type":"PropertyValueSpecification","valueRequired":true,"valueName":"search_term_string"}}],"inLanguage":"it-IT"},{"@type":"Organization","@id":"https:\/\/tengyielectric.com\/#organization","name":"Tengyi Electric","url":"https:\/\/tengyielectric.com\/","logo":{"@type":"ImageObject","inLanguage":"it-IT","@id":"https:\/\/tengyielectric.com\/#\/schema\/logo\/image\/","url":"https:\/\/tengyielectric.com\/wp-content\/uploads\/2024\/12\/logo.jpg","contentUrl":"https:\/\/tengyielectric.com\/wp-content\/uploads\/2024\/12\/logo.jpg","width":1800,"height":570,"caption":"Tengyi Electric"},"image":{"@id":"https:\/\/tengyielectric.com\/#\/schema\/logo\/image\/"}}]}},"_links":{"self":[{"href":"https:\/\/tengyielectric.com\/it\/wp-json\/wp\/v2\/pages\/480","targetHints":{"allow":["GET"]}}],"collection":[{"href":"https:\/\/tengyielectric.com\/it\/wp-json\/wp\/v2\/pages"}],"about":[{"href":"https:\/\/tengyielectric.com\/it\/wp-json\/wp\/v2\/types\/page"}],"author":[{"embeddable":true,"href":"https:\/\/tengyielectric.com\/it\/wp-json\/wp\/v2\/users\/2"}],"replies":[{"embeddable":true,"href":"https:\/\/tengyielectric.com\/it\/wp-json\/wp\/v2\/comments?post=480"}],"version-history":[{"count":0,"href":"https:\/\/tengyielectric.com\/it\/wp-json\/wp\/v2\/pages\/480\/revisions"}],"wp:attachment":[{"href":"https:\/\/tengyielectric.com\/it\/wp-json\/wp\/v2\/media?parent=480"}],"curies":[{"name":"wp","href":"https:\/\/api.w.org\/{rel}","templated":true}]}}