{"id":555,"date":"2024-12-13T02:48:29","date_gmt":"2024-12-13T02:48:29","guid":{"rendered":"https:\/\/s3jnrqxbrg.onrocket.site\/?page_id=555"},"modified":"2025-01-03T14:16:19","modified_gmt":"2025-01-03T06:16:19","slug":"lettre-dengagement-qualite","status":"publish","type":"page","link":"https:\/\/tengyielectric.com\/fr\/quality-commitment-letter\/","title":{"rendered":"Lettre d'engagement qualit\u00e9"},"content":{"rendered":"<div class=\"gb-container gb-container-92e0c466\">\n<div class=\"gb-container gb-container-018f91a0\">\n<div class=\"gb-container gb-container-0f4efd6f\">\n\n<p>Chers clients de TENGYI ;<\/p>\n\n\n\n<p>Nous avons le plaisir de vous pr\u00e9senter cette lettre d'engagement de qualit\u00e9 concernant les transformateurs produits par notre soci\u00e9t\u00e9. Nous tenons \u00e0 vous assurer que toutes les donn\u00e9es d'essai associ\u00e9es \u00e0 nos transformateurs sont conformes aux normes nationales IEC et Tier 2.<\/p>\n\n\n\n<p>Afin de renforcer la confiance dans la qualit\u00e9 de nos produits, nous nous engageons \u00e0 respecter les points suivants :<\/p>\n\n\n\n<p>Si un transformateur est endommag\u00e9 (par exemple, s'il grille) en raison d'un d\u00e9faut de fabrication de notre part, nous remplacerons le transformateur sans frais pour votre entreprise, avec une p\u00e9riode de garantie de deux ans.<\/p>\n\n\n\n<p>Pour tous les produits vendus, notre soci\u00e9t\u00e9 collaborera activement avec les utilisateurs afin d'assurer le bon fonctionnement et l'entretien des transformateurs sur site. En outre, nous fournirons des pi\u00e8ces de rechange \u00e0 prix co\u00fbtant, adapt\u00e9es aux besoins de nos utilisateurs.<\/p>\n\n\n\n<p>Nous suivons le principe du \"client, honn\u00eate \u00e0 la lettre de cette l\u00e9gislation, de la qualit\u00e9\", de l'objectif du service, de l'engagement \u00e0 fournir aux clients la valeur des biens et un service rapide.<\/p>\n\n\n\n<p>Nous vous remercions de la confiance que vous accordez \u00e0 nos produits. Nous nous r\u00e9jouissons de poursuivre notre partenariat et d'assurer votre satisfaction.<\/p>\n\n\n\n<p>Je vous prie d'agr\u00e9er, Madame, Monsieur, l'expression de mes salutations distingu\u00e9es,<\/p>\n\n\n\n<p>TENGYI ELECTRIC Fabricant<\/p>\n\n<\/div>\n<\/div>\n<\/div>","protected":false},"excerpt":{"rendered":"<p>Dear TENGYI Customers; We are pleased to present this Quality Commitment Letter regarding the transformers produced by our company. We would like to assure you that all test data associated with our transformers comply with &#8230; <\/p>\n<p class=\"read-more-container\"><a title=\"Lettre d&#039;engagement qualit\u00e9\" class=\"read-more button\" href=\"https:\/\/tengyielectric.com\/fr\/quality-commitment-letter\/#more-555\" aria-label=\"En savoir plus sur Quality Commitment Letter\">Lire plus<\/a><\/p>","protected":false},"author":2,"featured_media":0,"parent":0,"menu_order":0,"comment_status":"closed","ping_status":"closed","template":"","meta":{"footnotes":""},"class_list":{"0":"post-555","1":"page","2":"type-page","3":"status-publish","5":"no-featured-image-padding"},"yoast_head":"<!-- This site is optimized with the Yoast SEO plugin v27.5 - https:\/\/yoast.com\/product\/yoast-seo-wordpress\/ -->\n<title>Quality Commitment Letter - Tengyi Electric<\/title>\n<meta name=\"robots\" content=\"index, follow, max-snippet:-1, max-image-preview:large, max-video-preview:-1\" \/>\n<link rel=\"canonical\" href=\"https:\/\/tengyielectric.com\/fr\/lettre-dengagement-qualite\/\" \/>\n<meta property=\"og:locale\" content=\"fr_FR\" \/>\n<meta property=\"og:type\" content=\"article\" \/>\n<meta property=\"og:title\" content=\"Quality Commitment Letter - Tengyi Electric\" \/>\n<meta property=\"og:description\" content=\"Dear TENGYI Customers; We are pleased to present this Quality Commitment Letter regarding the transformers produced by our company. We would like to assure you that all test data associated with our transformers comply with ... Lire plus\" \/>\n<meta property=\"og:url\" content=\"https:\/\/tengyielectric.com\/fr\/lettre-dengagement-qualite\/\" \/>\n<meta property=\"og:site_name\" content=\"Tengyi Electric\" \/>\n<meta property=\"article:modified_time\" content=\"2025-01-03T06:16:19+00:00\" \/>\n<meta name=\"twitter:card\" content=\"summary_large_image\" \/>\n<meta name=\"twitter:label1\" content=\"Dur\u00e9e de lecture estim\u00e9e\" \/>\n\t<meta name=\"twitter:data1\" content=\"1 minute\" \/>\n<script type=\"application\/ld+json\" class=\"yoast-schema-graph\">{\"@context\":\"https:\\\/\\\/schema.org\",\"@graph\":[{\"@type\":\"WebPage\",\"@id\":\"https:\\\/\\\/tengyielectric.com\\\/quality-commitment-letter\\\/\",\"url\":\"https:\\\/\\\/tengyielectric.com\\\/quality-commitment-letter\\\/\",\"name\":\"Quality Commitment Letter - Tengyi Electric\",\"isPartOf\":{\"@id\":\"https:\\\/\\\/tengyielectric.com\\\/#website\"},\"datePublished\":\"2024-12-13T02:48:29+00:00\",\"dateModified\":\"2025-01-03T06:16:19+00:00\",\"breadcrumb\":{\"@id\":\"https:\\\/\\\/tengyielectric.com\\\/quality-commitment-letter\\\/#breadcrumb\"},\"inLanguage\":\"fr-FR\",\"potentialAction\":[{\"@type\":\"ReadAction\",\"target\":[\"https:\\\/\\\/tengyielectric.com\\\/quality-commitment-letter\\\/\"]}]},{\"@type\":\"BreadcrumbList\",\"@id\":\"https:\\\/\\\/tengyielectric.com\\\/quality-commitment-letter\\\/#breadcrumb\",\"itemListElement\":[{\"@type\":\"ListItem\",\"position\":1,\"name\":\"Home\",\"item\":\"https:\\\/\\\/tengyielectric.com\\\/\"},{\"@type\":\"ListItem\",\"position\":2,\"name\":\"Quality Commitment Letter\"}]},{\"@type\":\"WebSite\",\"@id\":\"https:\\\/\\\/tengyielectric.com\\\/#website\",\"url\":\"https:\\\/\\\/tengyielectric.com\\\/\",\"name\":\"Tengyi Electric\",\"description\":\"Leading Manufacturer on Transformer\",\"publisher\":{\"@id\":\"https:\\\/\\\/tengyielectric.com\\\/#organization\"},\"potentialAction\":[{\"@type\":\"SearchAction\",\"target\":{\"@type\":\"EntryPoint\",\"urlTemplate\":\"https:\\\/\\\/tengyielectric.com\\\/?s={search_term_string}\"},\"query-input\":{\"@type\":\"PropertyValueSpecification\",\"valueRequired\":true,\"valueName\":\"search_term_string\"}}],\"inLanguage\":\"fr-FR\"},{\"@type\":\"Organization\",\"@id\":\"https:\\\/\\\/tengyielectric.com\\\/#organization\",\"name\":\"Tengyi Electric\",\"url\":\"https:\\\/\\\/tengyielectric.com\\\/\",\"logo\":{\"@type\":\"ImageObject\",\"inLanguage\":\"fr-FR\",\"@id\":\"https:\\\/\\\/tengyielectric.com\\\/#\\\/schema\\\/logo\\\/image\\\/\",\"url\":\"https:\\\/\\\/tengyielectric.com\\\/wp-content\\\/uploads\\\/2024\\\/12\\\/logo.jpg\",\"contentUrl\":\"https:\\\/\\\/tengyielectric.com\\\/wp-content\\\/uploads\\\/2024\\\/12\\\/logo.jpg\",\"width\":1800,\"height\":570,\"caption\":\"Tengyi Electric\"},\"image\":{\"@id\":\"https:\\\/\\\/tengyielectric.com\\\/#\\\/schema\\\/logo\\\/image\\\/\"}}]}<\/script>\n<!-- \/ Yoast SEO plugin. -->","yoast_head_json":{"title":"Lettre d'engagement qualit\u00e9 - Tengyi Electric","robots":{"index":"index","follow":"follow","max-snippet":"max-snippet:-1","max-image-preview":"max-image-preview:large","max-video-preview":"max-video-preview:-1"},"canonical":"https:\/\/tengyielectric.com\/fr\/lettre-dengagement-qualite\/","og_locale":"fr_FR","og_type":"article","og_title":"Quality Commitment Letter - Tengyi Electric","og_description":"Dear TENGYI Customers; We are pleased to present this Quality Commitment Letter regarding the transformers produced by our company. We would like to assure you that all test data associated with our transformers comply with ... Lire plus","og_url":"https:\/\/tengyielectric.com\/fr\/lettre-dengagement-qualite\/","og_site_name":"Tengyi Electric","article_modified_time":"2025-01-03T06:16:19+00:00","twitter_card":"summary_large_image","twitter_misc":{"Dur\u00e9e de lecture estim\u00e9e":"1 minute"},"schema":{"@context":"https:\/\/schema.org","@graph":[{"@type":"WebPage","@id":"https:\/\/tengyielectric.com\/quality-commitment-letter\/","url":"https:\/\/tengyielectric.com\/quality-commitment-letter\/","name":"Lettre d'engagement qualit\u00e9 - Tengyi Electric","isPartOf":{"@id":"https:\/\/tengyielectric.com\/#website"},"datePublished":"2024-12-13T02:48:29+00:00","dateModified":"2025-01-03T06:16:19+00:00","breadcrumb":{"@id":"https:\/\/tengyielectric.com\/quality-commitment-letter\/#breadcrumb"},"inLanguage":"fr-FR","potentialAction":[{"@type":"ReadAction","target":["https:\/\/tengyielectric.com\/quality-commitment-letter\/"]}]},{"@type":"BreadcrumbList","@id":"https:\/\/tengyielectric.com\/quality-commitment-letter\/#breadcrumb","itemListElement":[{"@type":"ListItem","position":1,"name":"Home","item":"https:\/\/tengyielectric.com\/"},{"@type":"ListItem","position":2,"name":"Quality Commitment Letter"}]},{"@type":"WebSite","@id":"https:\/\/tengyielectric.com\/#website","url":"https:\/\/tengyielectric.com\/","name":"Tengyi Electric","description":"Fabricant leader de transformateurs","publisher":{"@id":"https:\/\/tengyielectric.com\/#organization"},"potentialAction":[{"@type":"SearchAction","target":{"@type":"EntryPoint","urlTemplate":"https:\/\/tengyielectric.com\/?s={search_term_string}"},"query-input":{"@type":"PropertyValueSpecification","valueRequired":true,"valueName":"search_term_string"}}],"inLanguage":"fr-FR"},{"@type":"Organization","@id":"https:\/\/tengyielectric.com\/#organization","name":"Tengyi Electric","url":"https:\/\/tengyielectric.com\/","logo":{"@type":"ImageObject","inLanguage":"fr-FR","@id":"https:\/\/tengyielectric.com\/#\/schema\/logo\/image\/","url":"https:\/\/tengyielectric.com\/wp-content\/uploads\/2024\/12\/logo.jpg","contentUrl":"https:\/\/tengyielectric.com\/wp-content\/uploads\/2024\/12\/logo.jpg","width":1800,"height":570,"caption":"Tengyi Electric"},"image":{"@id":"https:\/\/tengyielectric.com\/#\/schema\/logo\/image\/"}}]}},"_links":{"self":[{"href":"https:\/\/tengyielectric.com\/fr\/wp-json\/wp\/v2\/pages\/555","targetHints":{"allow":["GET"]}}],"collection":[{"href":"https:\/\/tengyielectric.com\/fr\/wp-json\/wp\/v2\/pages"}],"about":[{"href":"https:\/\/tengyielectric.com\/fr\/wp-json\/wp\/v2\/types\/page"}],"author":[{"embeddable":true,"href":"https:\/\/tengyielectric.com\/fr\/wp-json\/wp\/v2\/users\/2"}],"replies":[{"embeddable":true,"href":"https:\/\/tengyielectric.com\/fr\/wp-json\/wp\/v2\/comments?post=555"}],"version-history":[{"count":0,"href":"https:\/\/tengyielectric.com\/fr\/wp-json\/wp\/v2\/pages\/555\/revisions"}],"wp:attachment":[{"href":"https:\/\/tengyielectric.com\/fr\/wp-json\/wp\/v2\/media?parent=555"}],"curies":[{"name":"wp","href":"https:\/\/api.w.org\/{rel}","templated":true}]}}