{"id":480,"date":"2024-12-13T02:15:06","date_gmt":"2024-12-13T02:15:06","guid":{"rendered":"https:\/\/s3jnrqxbrg.onrocket.site\/?page_id=480"},"modified":"2024-12-13T03:49:38","modified_gmt":"2024-12-13T03:49:38","slug":"certificats","status":"publish","type":"page","link":"https:\/\/tengyielectric.com\/fr\/certificates\/","title":{"rendered":"Certificats"},"content":{"rendered":"<div class=\"gb-container gb-container-92e0c466\">\n<div class=\"gb-container gb-container-018f91a0\">\n<div class=\"gb-container gb-container-d0d4194c\">\n\n<p class=\"gb-headline gb-headline-554592f3 gb-headline-text\">Notre \u00e9quipe se compose d'ing\u00e9nieurs \u00e9lectriciens et m\u00e9caniciens hautement qualifi\u00e9s, d'ing\u00e9nieurs d'essai et de techniciens qualifi\u00e9s, d'une \u00e9quipe de service de commercialisation nationale et internationale et d'une \u00e9quipe de service de vente, ce qui permet \u00e0 nos clients de b\u00e9n\u00e9ficier d'une assistance compl\u00e8te depuis la phase d'appel d'offres jusqu'\u00e0 la mise en service et aux essais sur site.<\/p>\n\n\n\n<p class=\"gb-headline gb-headline-47665a83 gb-headline-text\">Nos produits sont bien accueillis sur le march\u00e9 national et ont \u00e9t\u00e9 export\u00e9s avec succ\u00e8s vers divers pays et r\u00e9gions, notamment les \u00c9tats-Unis, le Canada, l'Australie, la Nouvelle-Z\u00e9lande, l'Inde, Madagascar, le Vi\u00eat Nam, le Cambodge et le Laos.<\/p>\n\n\n\n<p class=\"gb-headline gb-headline-be177989 gb-headline-text\">Tous nos transformateurs sont fabriqu\u00e9s <strong>en conformit\u00e9 avec les normes ISO 9001, ISO 14001 et ISO 45001<\/strong>. Les transformateurs de puissance des classes 10kV et 35kV et les sous-stations de type bo\u00eete produits par Tengyi ont satisfait aux exigences de certification de la Commission \u00e9lectrotechnique internationale (CEI) et ont obtenu les certifications de l'Association canadienne de normalisation (CSA) et de l'UL Limited Liability Company.<\/p>\n\n\n<div class=\"gb-container gb-container-99943c7a\">\n<div class=\"carousel-slider-outer carousel-slider-outer-image-carousel carousel-slider-outer-130\" style=\"--carousel-slider-nav-color:#f1f1f1;--carousel-slider-active-nav-color:#14344f;--carousel-slider-arrow-size:48px;--carousel-slider-bullet-size:10px\">\n<div id=\"&#039;id-130\" class=\"carousel-slider carousel-slider-130 arrows-visibility-never dots-visibility-always arrows-outside dots-center dots-circle owl-carousel\" data-slide-type=\"image-carousel\" data-owl-settings='{\"nav\":false,\"dots\":true,\"slideBy\":1,\"stagePadding\":0,\"margin\":10,\"loop\":true,\"lazyLoad\":false,\"autoplay\":true,\"autoplayTimeout\":5000,\"autoplaySpeed\":100,\"autoplayHoverPause\":true,\"autoWidth\":false,\"responsive\":{\"300\":{\"items\":1},\"576\":{\"items\":2},\"768\":{\"items\":3},\"1024\":{\"items\":3},\"1280\":{\"items\":4},\"1536\":{\"items\":5}}}'>\n<div class=\"carousel-slider__item\">\n\t<img decoding=\"async\" width=\"500\" height=\"660\" src=\"https:\/\/tengyielectric.com\/wp-content\/uploads\/2024\/12\/certificate-7.jpg\" class=\"attachment-medium_large size-medium_large\" alt=\"\" srcset=\"https:\/\/tengyielectric.com\/wp-content\/uploads\/2024\/12\/certificate-7.jpg 500w, https:\/\/tengyielectric.com\/wp-content\/uploads\/2024\/12\/certificate-7-227x300.jpg 227w\" sizes=\"(max-width: 500px) 100vw, 500px\" \/><\/a><\/div>\n\n<div class=\"carousel-slider__item\">\n\t<img decoding=\"async\" width=\"500\" height=\"660\" src=\"https:\/\/tengyielectric.com\/wp-content\/uploads\/2024\/12\/certificate-5.jpg\" class=\"attachment-medium_large size-medium_large\" alt=\"\" srcset=\"https:\/\/tengyielectric.com\/wp-content\/uploads\/2024\/12\/certificate-5.jpg 500w, https:\/\/tengyielectric.com\/wp-content\/uploads\/2024\/12\/certificate-5-227x300.jpg 227w\" sizes=\"(max-width: 500px) 100vw, 500px\" \/><\/a><\/div>\n\n<div class=\"carousel-slider__item\">\n\t<img decoding=\"async\" width=\"500\" height=\"660\" src=\"https:\/\/tengyielectric.com\/wp-content\/uploads\/2024\/12\/certificate-4.jpg\" class=\"attachment-medium_large size-medium_large\" alt=\"\" srcset=\"https:\/\/tengyielectric.com\/wp-content\/uploads\/2024\/12\/certificate-4.jpg 500w, https:\/\/tengyielectric.com\/wp-content\/uploads\/2024\/12\/certificate-4-227x300.jpg 227w\" sizes=\"(max-width: 500px) 100vw, 500px\" \/><\/a><\/div>\n\n<div class=\"carousel-slider__item\">\n\t<img decoding=\"async\" width=\"500\" height=\"660\" src=\"https:\/\/tengyielectric.com\/wp-content\/uploads\/2024\/12\/certificate-3.jpg\" class=\"attachment-medium_large size-medium_large\" alt=\"\" srcset=\"https:\/\/tengyielectric.com\/wp-content\/uploads\/2024\/12\/certificate-3.jpg 500w, https:\/\/tengyielectric.com\/wp-content\/uploads\/2024\/12\/certificate-3-227x300.jpg 227w\" sizes=\"(max-width: 500px) 100vw, 500px\" \/><\/a><\/div>\n\n<div class=\"carousel-slider__item\">\n\t<img decoding=\"async\" width=\"500\" height=\"660\" src=\"https:\/\/tengyielectric.com\/wp-content\/uploads\/2024\/12\/certificate-1.jpg\" class=\"attachment-medium_large size-medium_large\" alt=\"\" srcset=\"https:\/\/tengyielectric.com\/wp-content\/uploads\/2024\/12\/certificate-1.jpg 500w, https:\/\/tengyielectric.com\/wp-content\/uploads\/2024\/12\/certificate-1-227x300.jpg 227w\" sizes=\"(max-width: 500px) 100vw, 500px\" \/><\/a><\/div>\n\n<div class=\"carousel-slider__item\">\n\t<img decoding=\"async\" width=\"500\" height=\"660\" src=\"https:\/\/tengyielectric.com\/wp-content\/uploads\/2025\/01\/certificate2.jpg\" class=\"attachment-medium_large size-medium_large\" alt=\"\" srcset=\"https:\/\/tengyielectric.com\/wp-content\/uploads\/2025\/01\/certificate2.jpg 500w, https:\/\/tengyielectric.com\/wp-content\/uploads\/2025\/01\/certificate2-227x300.jpg 227w\" sizes=\"(max-width: 500px) 100vw, 500px\" \/><\/a><\/div>\n\n<div class=\"carousel-slider__item\">\n\t<img decoding=\"async\" width=\"500\" height=\"660\" src=\"https:\/\/tengyielectric.com\/wp-content\/uploads\/2025\/01\/certificate6.jpg\" class=\"attachment-medium_large size-medium_large\" alt=\"\" srcset=\"https:\/\/tengyielectric.com\/wp-content\/uploads\/2025\/01\/certificate6.jpg 500w, https:\/\/tengyielectric.com\/wp-content\/uploads\/2025\/01\/certificate6-227x300.jpg 227w\" sizes=\"(max-width: 500px) 100vw, 500px\" \/><\/a><\/div>\n\n<div class=\"carousel-slider__item\">\n\t<img decoding=\"async\" width=\"500\" height=\"660\" src=\"https:\/\/tengyielectric.com\/wp-content\/uploads\/2025\/04\/certificate9.jpg\" class=\"attachment-medium_large size-medium_large\" alt=\"\" srcset=\"https:\/\/tengyielectric.com\/wp-content\/uploads\/2025\/04\/certificate9.jpg 500w, https:\/\/tengyielectric.com\/wp-content\/uploads\/2025\/04\/certificate9-227x300.jpg 227w, https:\/\/tengyielectric.com\/wp-content\/uploads\/2025\/04\/certificate9-9x12.jpg 9w\" sizes=\"(max-width: 500px) 100vw, 500px\" \/><\/a><\/div>\n\n<div class=\"carousel-slider__item\">\n\t<img decoding=\"async\" width=\"500\" height=\"660\" src=\"https:\/\/tengyielectric.com\/wp-content\/uploads\/2025\/04\/certificate10.jpg\" class=\"attachment-medium_large size-medium_large\" alt=\"\" srcset=\"https:\/\/tengyielectric.com\/wp-content\/uploads\/2025\/04\/certificate10.jpg 500w, https:\/\/tengyielectric.com\/wp-content\/uploads\/2025\/04\/certificate10-227x300.jpg 227w, https:\/\/tengyielectric.com\/wp-content\/uploads\/2025\/04\/certificate10-9x12.jpg 9w\" sizes=\"(max-width: 500px) 100vw, 500px\" \/><\/a><\/div>\n\n<div class=\"carousel-slider__item\">\n\t<img decoding=\"async\" width=\"500\" height=\"660\" src=\"https:\/\/tengyielectric.com\/wp-content\/uploads\/2025\/04\/certificate11.jpg\" class=\"attachment-medium_large size-medium_large\" alt=\"\" srcset=\"https:\/\/tengyielectric.com\/wp-content\/uploads\/2025\/04\/certificate11.jpg 500w, https:\/\/tengyielectric.com\/wp-content\/uploads\/2025\/04\/certificate11-227x300.jpg 227w, https:\/\/tengyielectric.com\/wp-content\/uploads\/2025\/04\/certificate11-9x12.jpg 9w\" sizes=\"(max-width: 500px) 100vw, 500px\" \/><\/a><\/div>\n\n<\/div><!-- .carousel-slider-130 -->\n<\/div><!-- .carousel-slider-outer-130 -->\n\n\n<\/div>\n\n<div class=\"gb-container gb-container-f9e68e6b\">\n\n<a class=\"gb-button gb-button-ef0351a3 gb-button-text\" href=\"#popmake-576\">Personnalisez vos projets<\/a>\n\n<\/div>\n<\/div>\n<\/div>\n<\/div>\n\n<div class=\"gb-container gb-container-43e8f379\">\n<div class=\"gb-container gb-container-50927aa2\">\n<div class=\"gb-container gb-container-ad477d10\">\n\n<h2 class=\"gb-headline gb-headline-74a14fbd gb-headline-text\">Certificats Explication<\/h2>\n\n\n\n<p class=\"gb-headline gb-headline-a74adafb gb-headline-text\">Les certifications CSA, CE, UL et ECM sont d'importantes certifications de qualit\u00e9 et de s\u00e9curit\u00e9 qui jouent un r\u00f4le essentiel dans l'exportation de transformateurs et de postes \u00e9lectriques. Ces certifications sont essentielles pour garantir que les transformateurs et les sous-stations sont s\u00fbrs, fiables et conformes aux r\u00e9glementations des diff\u00e9rents march\u00e9s, facilitant ainsi leur exportation et leur acceptation dans diverses r\u00e9gions.<\/p>\n\n\n\n<p><strong>CSA (Association canadienne de normalisation)<\/strong>:<br>La certification CSA garantit que les produits <strong>r\u00e9pondent aux normes canadiennes<\/strong> pour la s\u00e9curit\u00e9 et la performance. Pour les transformateurs et les sous-stations, cette certification est cruciale pour p\u00e9n\u00e9trer le march\u00e9 canadien, car elle indique la conformit\u00e9 avec les r\u00e9glementations nationales en mati\u00e8re de s\u00e9curit\u00e9. Elle garantit aux clients que le produit a \u00e9t\u00e9 test\u00e9 et qu'il r\u00e9pond \u00e0 des crit\u00e8res de performance sp\u00e9cifiques.<\/p>\n\n\n\n<p><strong>CE (Conformit\u00e9 Europ\u00e9enne)<\/strong>:<br>Le marquage CE est une marque de conformit\u00e9 obligatoire pour les produits vendus au sein de l'Union europ\u00e9enne. <strong>Espace \u00e9conomique europ\u00e9en<\/strong> (EEE). Elle indique qu'un produit est conforme aux normes europ\u00e9ennes en mati\u00e8re de s\u00e9curit\u00e9, de sant\u00e9 et de protection de l'environnement. Pour les transformateurs et les sous-stations, la certification CE est n\u00e9cessaire pour d\u00e9montrer la conformit\u00e9 aux directives europ\u00e9ennes, ce qui la rend essentielle pour l'exportation vers les pays europ\u00e9ens.<\/p>\n\n\n\n<p><strong>UL (Underwriters Laboratories)<\/strong>:<br>La certification UL est une certification de s\u00e9curit\u00e9 largement reconnue dans le monde entier. <strong>les \u00c9tats-Unis<\/strong>. Pour les \u00e9quipements \u00e9lectriques tels que les transformateurs et les sous-stations, la certification UL indique que le produit a \u00e9t\u00e9 test\u00e9 en termes de s\u00e9curit\u00e9 et de performances par rapport \u00e0 des normes sp\u00e9cifiques. Elle est souvent exig\u00e9e pour acc\u00e9der au march\u00e9 am\u00e9ricain et constitue une marque de confiance pour les consommateurs et les industries.<\/p>\n\n\n\n<p><strong>MCE (Mesures d'\u00e9conomie d'\u00e9nergie)<\/strong>:<br>Les certifications ECM, souvent li\u00e9es \u00e0 <strong>normes d'efficacit\u00e9 \u00e9nerg\u00e9tique<\/strong>Les certificats d'\u00e9conomie d'\u00e9nergie indiquent que les transformateurs et les postes \u00e9lectriques satisfont \u00e0 certaines exigences en mati\u00e8re d'\u00e9conomie d'\u00e9nergie. Ces exigences sont de plus en plus importantes sur les march\u00e9s mondiaux qui accordent la priorit\u00e9 au d\u00e9veloppement durable et \u00e0 l'efficacit\u00e9 \u00e9nerg\u00e9tique. La certification ECM peut am\u00e9liorer la commercialisation et l'acceptation du produit, en particulier dans les r\u00e9gions qui mettent l'accent sur la r\u00e9duction de la consommation d'\u00e9nergie et de l'impact sur l'environnement.<\/p>\n\n\n<div class=\"gb-container gb-container-d4ac18d1\">\n\n<a class=\"gb-button gb-button-08d73ed8 gb-button-text\" href=\"#popmake-576\">Parlez \u00e0 nos experts<\/a>\n\n<\/div>\n<\/div>\n<\/div>\n<\/div>","protected":false},"excerpt":{"rendered":"<p>Our team consists of highly skilled electrical and mechanical engineers, testing engineers, and qualified technicians, domestic and international marketing service team, and sales service team, ensuring our clients receive comprehensive support from the tender phase &#8230; <\/p>\n<p class=\"read-more-container\"><a title=\"Certificats\" class=\"read-more button\" href=\"https:\/\/tengyielectric.com\/fr\/certificates\/#more-480\" aria-label=\"En savoir plus sur Certificates\">Lire plus<\/a><\/p>","protected":false},"author":2,"featured_media":0,"parent":0,"menu_order":0,"comment_status":"closed","ping_status":"closed","template":"","meta":{"footnotes":""},"class_list":{"0":"post-480","1":"page","2":"type-page","3":"status-publish","5":"no-featured-image-padding"},"yoast_head":"<!-- This site is optimized with the Yoast SEO plugin v27.5 - https:\/\/yoast.com\/product\/yoast-seo-wordpress\/ -->\n<title>Certificates - Tengyi Electric<\/title>\n<meta name=\"robots\" content=\"index, follow, max-snippet:-1, max-image-preview:large, max-video-preview:-1\" \/>\n<link rel=\"canonical\" href=\"https:\/\/tengyielectric.com\/fr\/certificats\/\" \/>\n<meta property=\"og:locale\" content=\"fr_FR\" \/>\n<meta property=\"og:type\" content=\"article\" \/>\n<meta property=\"og:title\" content=\"Certificates - Tengyi Electric\" \/>\n<meta property=\"og:description\" content=\"Our team consists of highly skilled electrical and mechanical engineers, testing engineers, and qualified technicians, domestic and international marketing service team, and sales service team, ensuring our clients receive comprehensive support from the tender phase ... Lire plus\" \/>\n<meta property=\"og:url\" content=\"https:\/\/tengyielectric.com\/fr\/certificats\/\" \/>\n<meta property=\"og:site_name\" content=\"Tengyi Electric\" \/>\n<meta property=\"article:modified_time\" content=\"2024-12-13T03:49:38+00:00\" \/>\n<meta name=\"twitter:card\" content=\"summary_large_image\" \/>\n<meta name=\"twitter:label1\" content=\"Dur\u00e9e de lecture estim\u00e9e\" \/>\n\t<meta name=\"twitter:data1\" content=\"2 minutes\" \/>\n<script type=\"application\/ld+json\" class=\"yoast-schema-graph\">{\"@context\":\"https:\\\/\\\/schema.org\",\"@graph\":[{\"@type\":\"WebPage\",\"@id\":\"https:\\\/\\\/tengyielectric.com\\\/certificates\\\/\",\"url\":\"https:\\\/\\\/tengyielectric.com\\\/certificates\\\/\",\"name\":\"Certificates - Tengyi Electric\",\"isPartOf\":{\"@id\":\"https:\\\/\\\/tengyielectric.com\\\/#website\"},\"datePublished\":\"2024-12-13T02:15:06+00:00\",\"dateModified\":\"2024-12-13T03:49:38+00:00\",\"breadcrumb\":{\"@id\":\"https:\\\/\\\/tengyielectric.com\\\/certificates\\\/#breadcrumb\"},\"inLanguage\":\"fr-FR\",\"potentialAction\":[{\"@type\":\"ReadAction\",\"target\":[\"https:\\\/\\\/tengyielectric.com\\\/certificates\\\/\"]}]},{\"@type\":\"BreadcrumbList\",\"@id\":\"https:\\\/\\\/tengyielectric.com\\\/certificates\\\/#breadcrumb\",\"itemListElement\":[{\"@type\":\"ListItem\",\"position\":1,\"name\":\"Home\",\"item\":\"https:\\\/\\\/tengyielectric.com\\\/\"},{\"@type\":\"ListItem\",\"position\":2,\"name\":\"Certificates\"}]},{\"@type\":\"WebSite\",\"@id\":\"https:\\\/\\\/tengyielectric.com\\\/#website\",\"url\":\"https:\\\/\\\/tengyielectric.com\\\/\",\"name\":\"Tengyi Electric\",\"description\":\"Leading Manufacturer on Transformer\",\"publisher\":{\"@id\":\"https:\\\/\\\/tengyielectric.com\\\/#organization\"},\"potentialAction\":[{\"@type\":\"SearchAction\",\"target\":{\"@type\":\"EntryPoint\",\"urlTemplate\":\"https:\\\/\\\/tengyielectric.com\\\/?s={search_term_string}\"},\"query-input\":{\"@type\":\"PropertyValueSpecification\",\"valueRequired\":true,\"valueName\":\"search_term_string\"}}],\"inLanguage\":\"fr-FR\"},{\"@type\":\"Organization\",\"@id\":\"https:\\\/\\\/tengyielectric.com\\\/#organization\",\"name\":\"Tengyi Electric\",\"url\":\"https:\\\/\\\/tengyielectric.com\\\/\",\"logo\":{\"@type\":\"ImageObject\",\"inLanguage\":\"fr-FR\",\"@id\":\"https:\\\/\\\/tengyielectric.com\\\/#\\\/schema\\\/logo\\\/image\\\/\",\"url\":\"https:\\\/\\\/tengyielectric.com\\\/wp-content\\\/uploads\\\/2024\\\/12\\\/logo.jpg\",\"contentUrl\":\"https:\\\/\\\/tengyielectric.com\\\/wp-content\\\/uploads\\\/2024\\\/12\\\/logo.jpg\",\"width\":1800,\"height\":570,\"caption\":\"Tengyi Electric\"},\"image\":{\"@id\":\"https:\\\/\\\/tengyielectric.com\\\/#\\\/schema\\\/logo\\\/image\\\/\"}}]}<\/script>\n<!-- \/ Yoast SEO plugin. -->","yoast_head_json":{"title":"Certificats - Tengyi Electric","robots":{"index":"index","follow":"follow","max-snippet":"max-snippet:-1","max-image-preview":"max-image-preview:large","max-video-preview":"max-video-preview:-1"},"canonical":"https:\/\/tengyielectric.com\/fr\/certificats\/","og_locale":"fr_FR","og_type":"article","og_title":"Certificates - Tengyi Electric","og_description":"Our team consists of highly skilled electrical and mechanical engineers, testing engineers, and qualified technicians, domestic and international marketing service team, and sales service team, ensuring our clients receive comprehensive support from the tender phase ... Lire plus","og_url":"https:\/\/tengyielectric.com\/fr\/certificats\/","og_site_name":"Tengyi Electric","article_modified_time":"2024-12-13T03:49:38+00:00","twitter_card":"summary_large_image","twitter_misc":{"Dur\u00e9e de lecture estim\u00e9e":"2 minutes"},"schema":{"@context":"https:\/\/schema.org","@graph":[{"@type":"WebPage","@id":"https:\/\/tengyielectric.com\/certificates\/","url":"https:\/\/tengyielectric.com\/certificates\/","name":"Certificats - Tengyi Electric","isPartOf":{"@id":"https:\/\/tengyielectric.com\/#website"},"datePublished":"2024-12-13T02:15:06+00:00","dateModified":"2024-12-13T03:49:38+00:00","breadcrumb":{"@id":"https:\/\/tengyielectric.com\/certificates\/#breadcrumb"},"inLanguage":"fr-FR","potentialAction":[{"@type":"ReadAction","target":["https:\/\/tengyielectric.com\/certificates\/"]}]},{"@type":"BreadcrumbList","@id":"https:\/\/tengyielectric.com\/certificates\/#breadcrumb","itemListElement":[{"@type":"ListItem","position":1,"name":"Home","item":"https:\/\/tengyielectric.com\/"},{"@type":"ListItem","position":2,"name":"Certificates"}]},{"@type":"WebSite","@id":"https:\/\/tengyielectric.com\/#website","url":"https:\/\/tengyielectric.com\/","name":"Tengyi Electric","description":"Fabricant leader de transformateurs","publisher":{"@id":"https:\/\/tengyielectric.com\/#organization"},"potentialAction":[{"@type":"SearchAction","target":{"@type":"EntryPoint","urlTemplate":"https:\/\/tengyielectric.com\/?s={search_term_string}"},"query-input":{"@type":"PropertyValueSpecification","valueRequired":true,"valueName":"search_term_string"}}],"inLanguage":"fr-FR"},{"@type":"Organization","@id":"https:\/\/tengyielectric.com\/#organization","name":"Tengyi Electric","url":"https:\/\/tengyielectric.com\/","logo":{"@type":"ImageObject","inLanguage":"fr-FR","@id":"https:\/\/tengyielectric.com\/#\/schema\/logo\/image\/","url":"https:\/\/tengyielectric.com\/wp-content\/uploads\/2024\/12\/logo.jpg","contentUrl":"https:\/\/tengyielectric.com\/wp-content\/uploads\/2024\/12\/logo.jpg","width":1800,"height":570,"caption":"Tengyi Electric"},"image":{"@id":"https:\/\/tengyielectric.com\/#\/schema\/logo\/image\/"}}]}},"_links":{"self":[{"href":"https:\/\/tengyielectric.com\/fr\/wp-json\/wp\/v2\/pages\/480","targetHints":{"allow":["GET"]}}],"collection":[{"href":"https:\/\/tengyielectric.com\/fr\/wp-json\/wp\/v2\/pages"}],"about":[{"href":"https:\/\/tengyielectric.com\/fr\/wp-json\/wp\/v2\/types\/page"}],"author":[{"embeddable":true,"href":"https:\/\/tengyielectric.com\/fr\/wp-json\/wp\/v2\/users\/2"}],"replies":[{"embeddable":true,"href":"https:\/\/tengyielectric.com\/fr\/wp-json\/wp\/v2\/comments?post=480"}],"version-history":[{"count":0,"href":"https:\/\/tengyielectric.com\/fr\/wp-json\/wp\/v2\/pages\/480\/revisions"}],"wp:attachment":[{"href":"https:\/\/tengyielectric.com\/fr\/wp-json\/wp\/v2\/media?parent=480"}],"curies":[{"name":"wp","href":"https:\/\/api.w.org\/{rel}","templated":true}]}}