{"id":555,"date":"2024-12-13T02:48:29","date_gmt":"2024-12-13T02:48:29","guid":{"rendered":"https:\/\/s3jnrqxbrg.onrocket.site\/?page_id=555"},"modified":"2025-01-03T14:16:19","modified_gmt":"2025-01-03T06:16:19","slug":"carta-de-compromiso-de-calidad","status":"publish","type":"page","link":"https:\/\/tengyielectric.com\/es\/quality-commitment-letter\/","title":{"rendered":"Carta de compromiso de calidad"},"content":{"rendered":"<div class=\"gb-container gb-container-92e0c466\">\n<div class=\"gb-container gb-container-018f91a0\">\n<div class=\"gb-container gb-container-0f4efd6f\">\n\n<p>Estimados clientes de TENGYI;<\/p>\n\n\n\n<p>Nos complace presentarle esta Carta de Compromiso de Calidad relativa a los transformadores producidos por nuestra empresa. Nos gustar\u00eda asegurarle que todos los datos de ensayo asociados a nuestros transformadores cumplen las normas nacionales IEC y Tier 2.<\/p>\n\n\n\n<p>Para ofrecer una mayor confianza en la calidad de nuestros productos, nos comprometemos a lo siguiente:<\/p>\n\n\n\n<p>En caso de que un transformador resulte da\u00f1ado (por ejemplo, se queme) debido a un defecto de fabricaci\u00f3n por nuestra parte, sustituiremos el transformador sin coste alguno para su empresa, junto con un periodo de garant\u00eda de dos a\u00f1os.<\/p>\n\n\n\n<p>Para todos los productos vendidos, nuestra empresa colaborar\u00e1 activamente con los usuarios para garantizar el correcto funcionamiento y mantenimiento in situ de los transformadores. Adem\u00e1s, proporcionaremos piezas de repuesto a precio de coste, adaptadas a las necesidades de nuestros usuarios.<\/p>\n\n\n\n<p>Seguimos el \"cliente, honesto a la letra de esta legislaci\u00f3n, la calidad \", el prop\u00f3sito del servicio, el compromiso de proporcionar a los clientes con el valor de los bienes y un servicio r\u00e1pido<\/p>\n\n\n\n<p>Gracias por confiar en nuestros productos. Esperamos continuar nuestra colaboraci\u00f3n y garantizar su satisfacci\u00f3n.<\/p>\n\n\n\n<p>Saludos cordiales,<\/p>\n\n\n\n<p>TENGYI ELECTRIC Fabricante<\/p>\n\n<\/div>\n<\/div>\n<\/div>","protected":false},"excerpt":{"rendered":"<p>Dear TENGYI Customers; We are pleased to present this Quality Commitment Letter regarding the transformers produced by our company. We would like to assure you that all test data associated with our transformers comply with &#8230; <\/p>\n<p class=\"read-more-container\"><a title=\"Carta de compromiso de calidad\" class=\"read-more button\" href=\"https:\/\/tengyielectric.com\/es\/quality-commitment-letter\/#more-555\" aria-label=\"Leer m\u00e1s sobre Quality Commitment Letter\">Leer m\u00e1s<\/a><\/p>","protected":false},"author":2,"featured_media":0,"parent":0,"menu_order":0,"comment_status":"closed","ping_status":"closed","template":"","meta":{"footnotes":""},"class_list":{"0":"post-555","1":"page","2":"type-page","3":"status-publish","5":"no-featured-image-padding"},"yoast_head":"<!-- This site is optimized with the Yoast SEO plugin v27.5 - https:\/\/yoast.com\/product\/yoast-seo-wordpress\/ -->\n<title>Quality Commitment Letter - Tengyi Electric<\/title>\n<meta name=\"robots\" content=\"index, follow, max-snippet:-1, max-image-preview:large, max-video-preview:-1\" \/>\n<link rel=\"canonical\" href=\"https:\/\/tengyielectric.com\/es\/carta-de-compromiso-de-calidad\/\" \/>\n<meta property=\"og:locale\" content=\"es_ES\" \/>\n<meta property=\"og:type\" content=\"article\" \/>\n<meta property=\"og:title\" content=\"Quality Commitment Letter - Tengyi Electric\" \/>\n<meta property=\"og:description\" content=\"Dear TENGYI Customers; We are pleased to present this Quality Commitment Letter regarding the transformers produced by our company. We would like to assure you that all test data associated with our transformers comply with ... Leer m\u00e1s\" \/>\n<meta property=\"og:url\" content=\"https:\/\/tengyielectric.com\/es\/carta-de-compromiso-de-calidad\/\" \/>\n<meta property=\"og:site_name\" content=\"Tengyi Electric\" \/>\n<meta property=\"article:modified_time\" content=\"2025-01-03T06:16:19+00:00\" \/>\n<meta name=\"twitter:card\" content=\"summary_large_image\" \/>\n<meta name=\"twitter:label1\" content=\"Tiempo de lectura\" \/>\n\t<meta name=\"twitter:data1\" content=\"1 minuto\" \/>\n<script type=\"application\/ld+json\" class=\"yoast-schema-graph\">{\"@context\":\"https:\\\/\\\/schema.org\",\"@graph\":[{\"@type\":\"WebPage\",\"@id\":\"https:\\\/\\\/tengyielectric.com\\\/quality-commitment-letter\\\/\",\"url\":\"https:\\\/\\\/tengyielectric.com\\\/quality-commitment-letter\\\/\",\"name\":\"Quality Commitment Letter - Tengyi Electric\",\"isPartOf\":{\"@id\":\"https:\\\/\\\/tengyielectric.com\\\/#website\"},\"datePublished\":\"2024-12-13T02:48:29+00:00\",\"dateModified\":\"2025-01-03T06:16:19+00:00\",\"breadcrumb\":{\"@id\":\"https:\\\/\\\/tengyielectric.com\\\/quality-commitment-letter\\\/#breadcrumb\"},\"inLanguage\":\"es\",\"potentialAction\":[{\"@type\":\"ReadAction\",\"target\":[\"https:\\\/\\\/tengyielectric.com\\\/quality-commitment-letter\\\/\"]}]},{\"@type\":\"BreadcrumbList\",\"@id\":\"https:\\\/\\\/tengyielectric.com\\\/quality-commitment-letter\\\/#breadcrumb\",\"itemListElement\":[{\"@type\":\"ListItem\",\"position\":1,\"name\":\"Home\",\"item\":\"https:\\\/\\\/tengyielectric.com\\\/\"},{\"@type\":\"ListItem\",\"position\":2,\"name\":\"Quality Commitment Letter\"}]},{\"@type\":\"WebSite\",\"@id\":\"https:\\\/\\\/tengyielectric.com\\\/#website\",\"url\":\"https:\\\/\\\/tengyielectric.com\\\/\",\"name\":\"Tengyi Electric\",\"description\":\"Leading Manufacturer on Transformer\",\"publisher\":{\"@id\":\"https:\\\/\\\/tengyielectric.com\\\/#organization\"},\"potentialAction\":[{\"@type\":\"SearchAction\",\"target\":{\"@type\":\"EntryPoint\",\"urlTemplate\":\"https:\\\/\\\/tengyielectric.com\\\/?s={search_term_string}\"},\"query-input\":{\"@type\":\"PropertyValueSpecification\",\"valueRequired\":true,\"valueName\":\"search_term_string\"}}],\"inLanguage\":\"es\"},{\"@type\":\"Organization\",\"@id\":\"https:\\\/\\\/tengyielectric.com\\\/#organization\",\"name\":\"Tengyi Electric\",\"url\":\"https:\\\/\\\/tengyielectric.com\\\/\",\"logo\":{\"@type\":\"ImageObject\",\"inLanguage\":\"es\",\"@id\":\"https:\\\/\\\/tengyielectric.com\\\/#\\\/schema\\\/logo\\\/image\\\/\",\"url\":\"https:\\\/\\\/tengyielectric.com\\\/wp-content\\\/uploads\\\/2024\\\/12\\\/logo.jpg\",\"contentUrl\":\"https:\\\/\\\/tengyielectric.com\\\/wp-content\\\/uploads\\\/2024\\\/12\\\/logo.jpg\",\"width\":1800,\"height\":570,\"caption\":\"Tengyi Electric\"},\"image\":{\"@id\":\"https:\\\/\\\/tengyielectric.com\\\/#\\\/schema\\\/logo\\\/image\\\/\"}}]}<\/script>\n<!-- \/ Yoast SEO plugin. -->","yoast_head_json":{"title":"Carta de compromiso de calidad - Tengyi Electric","robots":{"index":"index","follow":"follow","max-snippet":"max-snippet:-1","max-image-preview":"max-image-preview:large","max-video-preview":"max-video-preview:-1"},"canonical":"https:\/\/tengyielectric.com\/es\/carta-de-compromiso-de-calidad\/","og_locale":"es_ES","og_type":"article","og_title":"Quality Commitment Letter - Tengyi Electric","og_description":"Dear TENGYI Customers; We are pleased to present this Quality Commitment Letter regarding the transformers produced by our company. We would like to assure you that all test data associated with our transformers comply with ... Leer m\u00e1s","og_url":"https:\/\/tengyielectric.com\/es\/carta-de-compromiso-de-calidad\/","og_site_name":"Tengyi Electric","article_modified_time":"2025-01-03T06:16:19+00:00","twitter_card":"summary_large_image","twitter_misc":{"Tiempo de lectura":"1 minuto"},"schema":{"@context":"https:\/\/schema.org","@graph":[{"@type":"WebPage","@id":"https:\/\/tengyielectric.com\/quality-commitment-letter\/","url":"https:\/\/tengyielectric.com\/quality-commitment-letter\/","name":"Carta de compromiso de calidad - Tengyi Electric","isPartOf":{"@id":"https:\/\/tengyielectric.com\/#website"},"datePublished":"2024-12-13T02:48:29+00:00","dateModified":"2025-01-03T06:16:19+00:00","breadcrumb":{"@id":"https:\/\/tengyielectric.com\/quality-commitment-letter\/#breadcrumb"},"inLanguage":"es","potentialAction":[{"@type":"ReadAction","target":["https:\/\/tengyielectric.com\/quality-commitment-letter\/"]}]},{"@type":"BreadcrumbList","@id":"https:\/\/tengyielectric.com\/quality-commitment-letter\/#breadcrumb","itemListElement":[{"@type":"ListItem","position":1,"name":"Home","item":"https:\/\/tengyielectric.com\/"},{"@type":"ListItem","position":2,"name":"Quality Commitment Letter"}]},{"@type":"WebSite","@id":"https:\/\/tengyielectric.com\/#website","url":"https:\/\/tengyielectric.com\/","name":"Tengyi Electric","description":"Fabricante l\u00edder en transformadores","publisher":{"@id":"https:\/\/tengyielectric.com\/#organization"},"potentialAction":[{"@type":"SearchAction","target":{"@type":"EntryPoint","urlTemplate":"https:\/\/tengyielectric.com\/?s={search_term_string}"},"query-input":{"@type":"PropertyValueSpecification","valueRequired":true,"valueName":"search_term_string"}}],"inLanguage":"es"},{"@type":"Organization","@id":"https:\/\/tengyielectric.com\/#organization","name":"Tengyi Electric","url":"https:\/\/tengyielectric.com\/","logo":{"@type":"ImageObject","inLanguage":"es","@id":"https:\/\/tengyielectric.com\/#\/schema\/logo\/image\/","url":"https:\/\/tengyielectric.com\/wp-content\/uploads\/2024\/12\/logo.jpg","contentUrl":"https:\/\/tengyielectric.com\/wp-content\/uploads\/2024\/12\/logo.jpg","width":1800,"height":570,"caption":"Tengyi Electric"},"image":{"@id":"https:\/\/tengyielectric.com\/#\/schema\/logo\/image\/"}}]}},"_links":{"self":[{"href":"https:\/\/tengyielectric.com\/es\/wp-json\/wp\/v2\/pages\/555","targetHints":{"allow":["GET"]}}],"collection":[{"href":"https:\/\/tengyielectric.com\/es\/wp-json\/wp\/v2\/pages"}],"about":[{"href":"https:\/\/tengyielectric.com\/es\/wp-json\/wp\/v2\/types\/page"}],"author":[{"embeddable":true,"href":"https:\/\/tengyielectric.com\/es\/wp-json\/wp\/v2\/users\/2"}],"replies":[{"embeddable":true,"href":"https:\/\/tengyielectric.com\/es\/wp-json\/wp\/v2\/comments?post=555"}],"version-history":[{"count":0,"href":"https:\/\/tengyielectric.com\/es\/wp-json\/wp\/v2\/pages\/555\/revisions"}],"wp:attachment":[{"href":"https:\/\/tengyielectric.com\/es\/wp-json\/wp\/v2\/media?parent=555"}],"curies":[{"name":"wp","href":"https:\/\/api.w.org\/{rel}","templated":true}]}}