{"id":480,"date":"2024-12-13T02:15:06","date_gmt":"2024-12-13T02:15:06","guid":{"rendered":"https:\/\/s3jnrqxbrg.onrocket.site\/?page_id=480"},"modified":"2024-12-13T03:49:38","modified_gmt":"2024-12-13T03:49:38","slug":"certificados","status":"publish","type":"page","link":"https:\/\/tengyielectric.com\/es\/certificates\/","title":{"rendered":"Certificados"},"content":{"rendered":"<div class=\"gb-container gb-container-92e0c466\">\n<div class=\"gb-container gb-container-018f91a0\">\n<div class=\"gb-container gb-container-d0d4194c\">\n\n<p class=\"gb-headline gb-headline-554592f3 gb-headline-text\">Nuestro equipo est\u00e1 formado por ingenieros el\u00e9ctricos y mec\u00e1nicos altamente cualificados, ingenieros de pruebas y t\u00e9cnicos cualificados, un equipo de servicio de marketing nacional e internacional y un equipo de servicio de ventas, lo que garantiza que nuestros clientes reciban un apoyo integral desde la fase de licitaci\u00f3n hasta la puesta en marcha y las pruebas in situ.<\/p>\n\n\n\n<p class=\"gb-headline gb-headline-47665a83 gb-headline-text\">Nuestros productos son bien recibidos en el mercado nacional y se han exportado con \u00e9xito a varios pa\u00edses y regiones, como Estados Unidos, Canad\u00e1, Australia, Nueva Zelanda, India, Madagascar, Vietnam, Camboya y Laos.<\/p>\n\n\n\n<p class=\"gb-headline gb-headline-be177989 gb-headline-text\">Todos nuestros transformadores se fabrican <strong>de conformidad con las normas ISO 9001, ISO 14001 e ISO 45001<\/strong>. Los transformadores de potencia y las subestaciones tipo caja de las clases 10kV y 35kV producidos por Tengyi han cumplido los requisitos de certificaci\u00f3n de la Comisi\u00f3n Electrot\u00e9cnica Internacional (CEI), adem\u00e1s de obtener las certificaciones de la Asociaci\u00f3n Canadiense de Normalizaci\u00f3n (CSA) y UL Limited Liability Company.<\/p>\n\n\n<div class=\"gb-container gb-container-99943c7a\">\n<div class=\"carousel-slider-outer carousel-slider-outer-image-carousel carousel-slider-outer-130\" style=\"--carousel-slider-nav-color:#f1f1f1;--carousel-slider-active-nav-color:#14344f;--carousel-slider-arrow-size:48px;--carousel-slider-bullet-size:10px\">\n<div id=\"&#039;id-130\" class=\"carousel-slider carousel-slider-130 arrows-visibility-never dots-visibility-always arrows-outside dots-center dots-circle owl-carousel\" data-slide-type=\"image-carousel\" data-owl-settings='{\"nav\":false,\"dots\":true,\"slideBy\":1,\"stagePadding\":0,\"margin\":10,\"loop\":true,\"lazyLoad\":false,\"autoplay\":true,\"autoplayTimeout\":5000,\"autoplaySpeed\":100,\"autoplayHoverPause\":true,\"autoWidth\":false,\"responsive\":{\"300\":{\"items\":1},\"576\":{\"items\":2},\"768\":{\"items\":3},\"1024\":{\"items\":3},\"1280\":{\"items\":4},\"1536\":{\"items\":5}}}'>\n<div class=\"carousel-slider__item\">\n\t<img decoding=\"async\" width=\"500\" height=\"660\" src=\"https:\/\/tengyielectric.com\/wp-content\/uploads\/2024\/12\/certificate-7.jpg\" class=\"attachment-medium_large size-medium_large\" alt=\"\" srcset=\"https:\/\/tengyielectric.com\/wp-content\/uploads\/2024\/12\/certificate-7.jpg 500w, https:\/\/tengyielectric.com\/wp-content\/uploads\/2024\/12\/certificate-7-227x300.jpg 227w\" sizes=\"(max-width: 500px) 100vw, 500px\" \/><\/a><\/div>\n\n<div class=\"carousel-slider__item\">\n\t<img decoding=\"async\" width=\"500\" height=\"660\" src=\"https:\/\/tengyielectric.com\/wp-content\/uploads\/2024\/12\/certificate-5.jpg\" class=\"attachment-medium_large size-medium_large\" alt=\"\" srcset=\"https:\/\/tengyielectric.com\/wp-content\/uploads\/2024\/12\/certificate-5.jpg 500w, https:\/\/tengyielectric.com\/wp-content\/uploads\/2024\/12\/certificate-5-227x300.jpg 227w\" sizes=\"(max-width: 500px) 100vw, 500px\" \/><\/a><\/div>\n\n<div class=\"carousel-slider__item\">\n\t<img decoding=\"async\" width=\"500\" height=\"660\" src=\"https:\/\/tengyielectric.com\/wp-content\/uploads\/2024\/12\/certificate-4.jpg\" class=\"attachment-medium_large size-medium_large\" alt=\"\" srcset=\"https:\/\/tengyielectric.com\/wp-content\/uploads\/2024\/12\/certificate-4.jpg 500w, https:\/\/tengyielectric.com\/wp-content\/uploads\/2024\/12\/certificate-4-227x300.jpg 227w\" sizes=\"(max-width: 500px) 100vw, 500px\" \/><\/a><\/div>\n\n<div class=\"carousel-slider__item\">\n\t<img decoding=\"async\" width=\"500\" height=\"660\" src=\"https:\/\/tengyielectric.com\/wp-content\/uploads\/2024\/12\/certificate-3.jpg\" class=\"attachment-medium_large size-medium_large\" alt=\"\" srcset=\"https:\/\/tengyielectric.com\/wp-content\/uploads\/2024\/12\/certificate-3.jpg 500w, https:\/\/tengyielectric.com\/wp-content\/uploads\/2024\/12\/certificate-3-227x300.jpg 227w\" sizes=\"(max-width: 500px) 100vw, 500px\" \/><\/a><\/div>\n\n<div class=\"carousel-slider__item\">\n\t<img decoding=\"async\" width=\"500\" height=\"660\" src=\"https:\/\/tengyielectric.com\/wp-content\/uploads\/2024\/12\/certificate-1.jpg\" class=\"attachment-medium_large size-medium_large\" alt=\"\" srcset=\"https:\/\/tengyielectric.com\/wp-content\/uploads\/2024\/12\/certificate-1.jpg 500w, https:\/\/tengyielectric.com\/wp-content\/uploads\/2024\/12\/certificate-1-227x300.jpg 227w\" sizes=\"(max-width: 500px) 100vw, 500px\" \/><\/a><\/div>\n\n<div class=\"carousel-slider__item\">\n\t<img decoding=\"async\" width=\"500\" height=\"660\" src=\"https:\/\/tengyielectric.com\/wp-content\/uploads\/2025\/01\/certificate2.jpg\" class=\"attachment-medium_large size-medium_large\" alt=\"\" srcset=\"https:\/\/tengyielectric.com\/wp-content\/uploads\/2025\/01\/certificate2.jpg 500w, https:\/\/tengyielectric.com\/wp-content\/uploads\/2025\/01\/certificate2-227x300.jpg 227w\" sizes=\"(max-width: 500px) 100vw, 500px\" \/><\/a><\/div>\n\n<div class=\"carousel-slider__item\">\n\t<img decoding=\"async\" width=\"500\" height=\"660\" src=\"https:\/\/tengyielectric.com\/wp-content\/uploads\/2025\/01\/certificate6.jpg\" class=\"attachment-medium_large size-medium_large\" alt=\"\" srcset=\"https:\/\/tengyielectric.com\/wp-content\/uploads\/2025\/01\/certificate6.jpg 500w, https:\/\/tengyielectric.com\/wp-content\/uploads\/2025\/01\/certificate6-227x300.jpg 227w\" sizes=\"(max-width: 500px) 100vw, 500px\" \/><\/a><\/div>\n\n<div class=\"carousel-slider__item\">\n\t<img decoding=\"async\" width=\"500\" height=\"660\" src=\"https:\/\/tengyielectric.com\/wp-content\/uploads\/2025\/04\/certificate9.jpg\" class=\"attachment-medium_large size-medium_large\" alt=\"\" srcset=\"https:\/\/tengyielectric.com\/wp-content\/uploads\/2025\/04\/certificate9.jpg 500w, https:\/\/tengyielectric.com\/wp-content\/uploads\/2025\/04\/certificate9-227x300.jpg 227w, https:\/\/tengyielectric.com\/wp-content\/uploads\/2025\/04\/certificate9-9x12.jpg 9w\" sizes=\"(max-width: 500px) 100vw, 500px\" \/><\/a><\/div>\n\n<div class=\"carousel-slider__item\">\n\t<img decoding=\"async\" width=\"500\" height=\"660\" src=\"https:\/\/tengyielectric.com\/wp-content\/uploads\/2025\/04\/certificate10.jpg\" class=\"attachment-medium_large size-medium_large\" alt=\"\" srcset=\"https:\/\/tengyielectric.com\/wp-content\/uploads\/2025\/04\/certificate10.jpg 500w, https:\/\/tengyielectric.com\/wp-content\/uploads\/2025\/04\/certificate10-227x300.jpg 227w, https:\/\/tengyielectric.com\/wp-content\/uploads\/2025\/04\/certificate10-9x12.jpg 9w\" sizes=\"(max-width: 500px) 100vw, 500px\" \/><\/a><\/div>\n\n<div class=\"carousel-slider__item\">\n\t<img decoding=\"async\" width=\"500\" height=\"660\" src=\"https:\/\/tengyielectric.com\/wp-content\/uploads\/2025\/04\/certificate11.jpg\" class=\"attachment-medium_large size-medium_large\" alt=\"\" srcset=\"https:\/\/tengyielectric.com\/wp-content\/uploads\/2025\/04\/certificate11.jpg 500w, https:\/\/tengyielectric.com\/wp-content\/uploads\/2025\/04\/certificate11-227x300.jpg 227w, https:\/\/tengyielectric.com\/wp-content\/uploads\/2025\/04\/certificate11-9x12.jpg 9w\" sizes=\"(max-width: 500px) 100vw, 500px\" \/><\/a><\/div>\n\n<\/div><!-- .carousel-slider-130 -->\n<\/div><!-- .carousel-slider-outer-130 -->\n\n\n<\/div>\n\n<div class=\"gb-container gb-container-f9e68e6b\">\n\n<a class=\"gb-button gb-button-ef0351a3 gb-button-text\" href=\"#popmake-576\">Personalice sus proyectos<\/a>\n\n<\/div>\n<\/div>\n<\/div>\n<\/div>\n\n<div class=\"gb-container gb-container-43e8f379\">\n<div class=\"gb-container gb-container-50927aa2\">\n<div class=\"gb-container gb-container-ad477d10\">\n\n<h2 class=\"gb-headline gb-headline-74a14fbd gb-headline-text\">Certificados Explicaci\u00f3n<\/h2>\n\n\n\n<p class=\"gb-headline gb-headline-a74adafb gb-headline-text\">Las certificaciones CSA, CE, UL y ECM son importantes certificaciones de calidad y seguridad que desempe\u00f1an un papel fundamental en la exportaci\u00f3n de transformadores y subestaciones. Estas certificaciones son esenciales para garantizar que los transformadores y subestaciones son seguros, fiables y cumplen las normativas de los distintos mercados, lo que facilita nuestra exportaci\u00f3n y aceptaci\u00f3n en diversas regiones.<\/p>\n\n\n\n<p><strong>CSA (Asociaci\u00f3n Canadiense de Normalizaci\u00f3n)<\/strong>:<br>La certificaci\u00f3n CSA garantiza que los productos <strong>cumplen las normas canadienses<\/strong> de seguridad y rendimiento. Para los transformadores y subestaciones, esta certificaci\u00f3n es crucial para entrar en el mercado canadiense, ya que indica el cumplimiento de la normativa nacional de seguridad. Garantiza a los clientes que el producto ha sido probado y cumple unos criterios de rendimiento espec\u00edficos.<\/p>\n\n\n\n<p><strong>CE (Conformidad Europea)<\/strong>:<br>El marcado CE es una marca de conformidad obligatoria para los productos vendidos en la Uni\u00f3n Europea. <strong>Espacio Econ\u00f3mico Europeo<\/strong> (AEMA). Indica que un producto cumple las normas de la UE en materia de seguridad, salud y protecci\u00f3n del medio ambiente. En el caso de los transformadores y subestaciones, la certificaci\u00f3n CE es necesaria para demostrar el cumplimiento de las directivas europeas, por lo que resulta esencial para exportar a pa\u00edses europeos.<\/p>\n\n\n\n<p><strong>UL (Underwriters Laboratories)<\/strong>:<br>La certificaci\u00f3n UL es una certificaci\u00f3n de seguridad ampliamente reconocida en <strong>Estados Unidos<\/strong>. Para equipos el\u00e9ctricos como transformadores y subestaciones, la certificaci\u00f3n UL indica que el producto ha sido sometido a pruebas de seguridad y rendimiento seg\u00fan normas espec\u00edficas. Suele exigirse para acceder al mercado estadounidense y es una marca de confianza para consumidores e industrias.<\/p>\n\n\n\n<p><strong>ECM (Medidas de Conservaci\u00f3n de la Energ\u00eda)<\/strong>:<br>Certificaciones ECM, a menudo relacionadas con <strong>normas de eficiencia energ\u00e9tica<\/strong>, indican que los transformadores y subestaciones cumplen determinados requisitos de conservaci\u00f3n de la energ\u00eda. Esto es cada vez m\u00e1s importante en los mercados mundiales que dan prioridad a la sostenibilidad y la eficiencia energ\u00e9tica. Contar con la certificaci\u00f3n ECM puede mejorar la comerciabilidad y aceptaci\u00f3n del producto, especialmente en regiones que se centran en reducir el consumo de energ\u00eda y el impacto medioambiental.<\/p>\n\n\n<div class=\"gb-container gb-container-d4ac18d1\">\n\n<a class=\"gb-button gb-button-08d73ed8 gb-button-text\" href=\"#popmake-576\">Hable con nuestros expertos<\/a>\n\n<\/div>\n<\/div>\n<\/div>\n<\/div>","protected":false},"excerpt":{"rendered":"<p>Our team consists of highly skilled electrical and mechanical engineers, testing engineers, and qualified technicians, domestic and international marketing service team, and sales service team, ensuring our clients receive comprehensive support from the tender phase &#8230; <\/p>\n<p class=\"read-more-container\"><a title=\"Certificados\" class=\"read-more button\" href=\"https:\/\/tengyielectric.com\/es\/certificates\/#more-480\" aria-label=\"Leer m\u00e1s sobre Certificates\">Leer m\u00e1s<\/a><\/p>","protected":false},"author":2,"featured_media":0,"parent":0,"menu_order":0,"comment_status":"closed","ping_status":"closed","template":"","meta":{"footnotes":""},"class_list":{"0":"post-480","1":"page","2":"type-page","3":"status-publish","5":"no-featured-image-padding"},"yoast_head":"<!-- This site is optimized with the Yoast SEO plugin v27.5 - https:\/\/yoast.com\/product\/yoast-seo-wordpress\/ -->\n<title>Certificates - Tengyi Electric<\/title>\n<meta name=\"robots\" content=\"index, follow, max-snippet:-1, max-image-preview:large, max-video-preview:-1\" \/>\n<link rel=\"canonical\" href=\"https:\/\/tengyielectric.com\/es\/certificados\/\" \/>\n<meta property=\"og:locale\" content=\"es_ES\" \/>\n<meta property=\"og:type\" content=\"article\" \/>\n<meta property=\"og:title\" content=\"Certificates - Tengyi Electric\" \/>\n<meta property=\"og:description\" content=\"Our team consists of highly skilled electrical and mechanical engineers, testing engineers, and qualified technicians, domestic and international marketing service team, and sales service team, ensuring our clients receive comprehensive support from the tender phase ... Leer m\u00e1s\" \/>\n<meta property=\"og:url\" content=\"https:\/\/tengyielectric.com\/es\/certificados\/\" \/>\n<meta property=\"og:site_name\" content=\"Tengyi Electric\" \/>\n<meta property=\"article:modified_time\" content=\"2024-12-13T03:49:38+00:00\" \/>\n<meta name=\"twitter:card\" content=\"summary_large_image\" \/>\n<meta name=\"twitter:label1\" content=\"Tiempo de lectura\" \/>\n\t<meta name=\"twitter:data1\" content=\"2 minutos\" \/>\n<script type=\"application\/ld+json\" class=\"yoast-schema-graph\">{\"@context\":\"https:\\\/\\\/schema.org\",\"@graph\":[{\"@type\":\"WebPage\",\"@id\":\"https:\\\/\\\/tengyielectric.com\\\/certificates\\\/\",\"url\":\"https:\\\/\\\/tengyielectric.com\\\/certificates\\\/\",\"name\":\"Certificates - Tengyi Electric\",\"isPartOf\":{\"@id\":\"https:\\\/\\\/tengyielectric.com\\\/#website\"},\"datePublished\":\"2024-12-13T02:15:06+00:00\",\"dateModified\":\"2024-12-13T03:49:38+00:00\",\"breadcrumb\":{\"@id\":\"https:\\\/\\\/tengyielectric.com\\\/certificates\\\/#breadcrumb\"},\"inLanguage\":\"es\",\"potentialAction\":[{\"@type\":\"ReadAction\",\"target\":[\"https:\\\/\\\/tengyielectric.com\\\/certificates\\\/\"]}]},{\"@type\":\"BreadcrumbList\",\"@id\":\"https:\\\/\\\/tengyielectric.com\\\/certificates\\\/#breadcrumb\",\"itemListElement\":[{\"@type\":\"ListItem\",\"position\":1,\"name\":\"Home\",\"item\":\"https:\\\/\\\/tengyielectric.com\\\/\"},{\"@type\":\"ListItem\",\"position\":2,\"name\":\"Certificates\"}]},{\"@type\":\"WebSite\",\"@id\":\"https:\\\/\\\/tengyielectric.com\\\/#website\",\"url\":\"https:\\\/\\\/tengyielectric.com\\\/\",\"name\":\"Tengyi Electric\",\"description\":\"Leading Manufacturer on Transformer\",\"publisher\":{\"@id\":\"https:\\\/\\\/tengyielectric.com\\\/#organization\"},\"potentialAction\":[{\"@type\":\"SearchAction\",\"target\":{\"@type\":\"EntryPoint\",\"urlTemplate\":\"https:\\\/\\\/tengyielectric.com\\\/?s={search_term_string}\"},\"query-input\":{\"@type\":\"PropertyValueSpecification\",\"valueRequired\":true,\"valueName\":\"search_term_string\"}}],\"inLanguage\":\"es\"},{\"@type\":\"Organization\",\"@id\":\"https:\\\/\\\/tengyielectric.com\\\/#organization\",\"name\":\"Tengyi Electric\",\"url\":\"https:\\\/\\\/tengyielectric.com\\\/\",\"logo\":{\"@type\":\"ImageObject\",\"inLanguage\":\"es\",\"@id\":\"https:\\\/\\\/tengyielectric.com\\\/#\\\/schema\\\/logo\\\/image\\\/\",\"url\":\"https:\\\/\\\/tengyielectric.com\\\/wp-content\\\/uploads\\\/2024\\\/12\\\/logo.jpg\",\"contentUrl\":\"https:\\\/\\\/tengyielectric.com\\\/wp-content\\\/uploads\\\/2024\\\/12\\\/logo.jpg\",\"width\":1800,\"height\":570,\"caption\":\"Tengyi Electric\"},\"image\":{\"@id\":\"https:\\\/\\\/tengyielectric.com\\\/#\\\/schema\\\/logo\\\/image\\\/\"}}]}<\/script>\n<!-- \/ Yoast SEO plugin. -->","yoast_head_json":{"title":"Certificados - Tengyi Electric","robots":{"index":"index","follow":"follow","max-snippet":"max-snippet:-1","max-image-preview":"max-image-preview:large","max-video-preview":"max-video-preview:-1"},"canonical":"https:\/\/tengyielectric.com\/es\/certificados\/","og_locale":"es_ES","og_type":"article","og_title":"Certificates - Tengyi Electric","og_description":"Our team consists of highly skilled electrical and mechanical engineers, testing engineers, and qualified technicians, domestic and international marketing service team, and sales service team, ensuring our clients receive comprehensive support from the tender phase ... Leer m\u00e1s","og_url":"https:\/\/tengyielectric.com\/es\/certificados\/","og_site_name":"Tengyi Electric","article_modified_time":"2024-12-13T03:49:38+00:00","twitter_card":"summary_large_image","twitter_misc":{"Tiempo de lectura":"2 minutos"},"schema":{"@context":"https:\/\/schema.org","@graph":[{"@type":"WebPage","@id":"https:\/\/tengyielectric.com\/certificates\/","url":"https:\/\/tengyielectric.com\/certificates\/","name":"Certificados - Tengyi Electric","isPartOf":{"@id":"https:\/\/tengyielectric.com\/#website"},"datePublished":"2024-12-13T02:15:06+00:00","dateModified":"2024-12-13T03:49:38+00:00","breadcrumb":{"@id":"https:\/\/tengyielectric.com\/certificates\/#breadcrumb"},"inLanguage":"es","potentialAction":[{"@type":"ReadAction","target":["https:\/\/tengyielectric.com\/certificates\/"]}]},{"@type":"BreadcrumbList","@id":"https:\/\/tengyielectric.com\/certificates\/#breadcrumb","itemListElement":[{"@type":"ListItem","position":1,"name":"Home","item":"https:\/\/tengyielectric.com\/"},{"@type":"ListItem","position":2,"name":"Certificates"}]},{"@type":"WebSite","@id":"https:\/\/tengyielectric.com\/#website","url":"https:\/\/tengyielectric.com\/","name":"Tengyi Electric","description":"Fabricante l\u00edder en transformadores","publisher":{"@id":"https:\/\/tengyielectric.com\/#organization"},"potentialAction":[{"@type":"SearchAction","target":{"@type":"EntryPoint","urlTemplate":"https:\/\/tengyielectric.com\/?s={search_term_string}"},"query-input":{"@type":"PropertyValueSpecification","valueRequired":true,"valueName":"search_term_string"}}],"inLanguage":"es"},{"@type":"Organization","@id":"https:\/\/tengyielectric.com\/#organization","name":"Tengyi Electric","url":"https:\/\/tengyielectric.com\/","logo":{"@type":"ImageObject","inLanguage":"es","@id":"https:\/\/tengyielectric.com\/#\/schema\/logo\/image\/","url":"https:\/\/tengyielectric.com\/wp-content\/uploads\/2024\/12\/logo.jpg","contentUrl":"https:\/\/tengyielectric.com\/wp-content\/uploads\/2024\/12\/logo.jpg","width":1800,"height":570,"caption":"Tengyi Electric"},"image":{"@id":"https:\/\/tengyielectric.com\/#\/schema\/logo\/image\/"}}]}},"_links":{"self":[{"href":"https:\/\/tengyielectric.com\/es\/wp-json\/wp\/v2\/pages\/480","targetHints":{"allow":["GET"]}}],"collection":[{"href":"https:\/\/tengyielectric.com\/es\/wp-json\/wp\/v2\/pages"}],"about":[{"href":"https:\/\/tengyielectric.com\/es\/wp-json\/wp\/v2\/types\/page"}],"author":[{"embeddable":true,"href":"https:\/\/tengyielectric.com\/es\/wp-json\/wp\/v2\/users\/2"}],"replies":[{"embeddable":true,"href":"https:\/\/tengyielectric.com\/es\/wp-json\/wp\/v2\/comments?post=480"}],"version-history":[{"count":0,"href":"https:\/\/tengyielectric.com\/es\/wp-json\/wp\/v2\/pages\/480\/revisions"}],"wp:attachment":[{"href":"https:\/\/tengyielectric.com\/es\/wp-json\/wp\/v2\/media?parent=480"}],"curies":[{"name":"wp","href":"https:\/\/api.w.org\/{rel}","templated":true}]}}