{"id":477,"date":"2024-12-12T10:47:53","date_gmt":"2024-12-12T10:47:53","guid":{"rendered":"https:\/\/s3jnrqxbrg.onrocket.site\/?page_id=477"},"modified":"2026-02-03T18:42:19","modified_gmt":"2026-02-03T10:42:19","slug":"sistema-de-pruebas","status":"publish","type":"page","link":"https:\/\/tengyielectric.com\/es\/testing-system\/","title":{"rendered":"Sistema de pruebas"},"content":{"rendered":"<div class=\"gb-container gb-container-92e0c466\">\n<div class=\"gb-container gb-container-018f91a0\">\n<div class=\"gb-container gb-container-d0d4194c\">\n\n<h2 class=\"gb-headline gb-headline-72c1a7bd gb-headline-text\">Taller de pruebas Tengyi<\/h2>\n\n\n\n<p class=\"gb-headline gb-headline-554592f3 gb-headline-text\">Nuestro laboratorio de pruebas, situado dentro de nuestra f\u00e1brica, ocupa m\u00e1s de 1.000 metros cuadrados y est\u00e1 equipado para probar 3 transformadores simult\u00e1neamente. Con 2 sistemas de ensayo trif\u00e1sicos independientes, equipos de ensayo de CA de alta tensi\u00f3n y generadores de tensi\u00f3n de impulso para ensayos de impulso de rayo (LI) e impulso de conmutaci\u00f3n (SI), somos capaces de realizar todos los ensayos rutinarios, de tipo y especiales de acuerdo con las normas IEC e IEEE para toda nuestra gama de productos, hasta 600 MVA y 800 kV.<\/p>\n\n\n\n<p class=\"gb-headline gb-headline-be177989 gb-headline-text\">Nuestro banco de pruebas de transformadores de potencia ha recibido la acreditaci\u00f3n ISO 17025, que confirma la competencia de nuestro laboratorio. La Autoridad Nacional de Acreditaci\u00f3n ha concedido esta acreditaci\u00f3n, lo que permite a Tengyi realizar ensayos de transformadores de potencia tanto en laboratorio acreditado como in situ.<\/p>\n\n\n<div class=\"gb-container gb-container-99943c7a\">\n<div class=\"gb-grid-wrapper gb-grid-wrapper-24320057\">\n<div class=\"gb-grid-column gb-grid-column-ec3b8e1a\"><div class=\"gb-container gb-container-ec3b8e1a\">\n\n<figure class=\"gb-block-image gb-block-image-f9d87527\"><img decoding=\"async\" width=\"1000\" height=\"800\" class=\"gb-image gb-image-f9d87527\" src=\"https:\/\/tengyielectric.com\/wp-content\/uploads\/2026\/02\/220kV-test-center-6.jpg\" alt=\"\" title=\"220kV test center (6)\" srcset=\"https:\/\/tengyielectric.com\/wp-content\/uploads\/2026\/02\/220kV-test-center-6.jpg 1000w, https:\/\/tengyielectric.com\/wp-content\/uploads\/2026\/02\/220kV-test-center-6-300x240.jpg 300w, https:\/\/tengyielectric.com\/wp-content\/uploads\/2026\/02\/220kV-test-center-6-768x614.jpg 768w, https:\/\/tengyielectric.com\/wp-content\/uploads\/2026\/02\/220kV-test-center-6-15x12.jpg 15w\" sizes=\"(max-width: 1000px) 100vw, 1000px\" \/><\/figure>\n\n<\/div><\/div>\n\n<div class=\"gb-grid-column gb-grid-column-c84bfdc9\"><div class=\"gb-container gb-container-c84bfdc9\">\n\n<figure class=\"gb-block-image gb-block-image-45b857cf\"><img decoding=\"async\" width=\"1000\" height=\"800\" class=\"gb-image gb-image-45b857cf\" src=\"https:\/\/tengyielectric.com\/wp-content\/uploads\/2026\/02\/220kV-test-center-7.jpg\" alt=\"\" title=\"220kV test center (7)\" srcset=\"https:\/\/tengyielectric.com\/wp-content\/uploads\/2026\/02\/220kV-test-center-7.jpg 1000w, https:\/\/tengyielectric.com\/wp-content\/uploads\/2026\/02\/220kV-test-center-7-300x240.jpg 300w, https:\/\/tengyielectric.com\/wp-content\/uploads\/2026\/02\/220kV-test-center-7-768x614.jpg 768w, https:\/\/tengyielectric.com\/wp-content\/uploads\/2026\/02\/220kV-test-center-7-15x12.jpg 15w\" sizes=\"(max-width: 1000px) 100vw, 1000px\" \/><\/figure>\n\n<\/div><\/div>\n\n<div class=\"gb-grid-column gb-grid-column-418dee3c\"><div class=\"gb-container gb-container-418dee3c\">\n\n<figure class=\"gb-block-image gb-block-image-5eb56fd5\"><img decoding=\"async\" width=\"1000\" height=\"800\" class=\"gb-image gb-image-5eb56fd5\" src=\"https:\/\/tengyielectric.com\/wp-content\/uploads\/2026\/02\/220kV-test-center-3.jpg\" alt=\"\" title=\"220kV test center (3)\" srcset=\"https:\/\/tengyielectric.com\/wp-content\/uploads\/2026\/02\/220kV-test-center-3.jpg 1000w, https:\/\/tengyielectric.com\/wp-content\/uploads\/2026\/02\/220kV-test-center-3-300x240.jpg 300w, https:\/\/tengyielectric.com\/wp-content\/uploads\/2026\/02\/220kV-test-center-3-768x614.jpg 768w, https:\/\/tengyielectric.com\/wp-content\/uploads\/2026\/02\/220kV-test-center-3-15x12.jpg 15w\" sizes=\"(max-width: 1000px) 100vw, 1000px\" \/><\/figure>\n\n<\/div><\/div>\n\n<div class=\"gb-grid-column gb-grid-column-99bbeb43\"><div class=\"gb-container gb-container-99bbeb43\">\n\n<figure class=\"gb-block-image gb-block-image-d04ef2d5\"><img decoding=\"async\" width=\"1000\" height=\"800\" class=\"gb-image gb-image-d04ef2d5\" src=\"https:\/\/tengyielectric.com\/wp-content\/uploads\/2026\/02\/220kV-test-center-8.jpg\" alt=\"\" title=\"220kV test center (8)\" srcset=\"https:\/\/tengyielectric.com\/wp-content\/uploads\/2026\/02\/220kV-test-center-8.jpg 1000w, https:\/\/tengyielectric.com\/wp-content\/uploads\/2026\/02\/220kV-test-center-8-300x240.jpg 300w, https:\/\/tengyielectric.com\/wp-content\/uploads\/2026\/02\/220kV-test-center-8-768x614.jpg 768w, https:\/\/tengyielectric.com\/wp-content\/uploads\/2026\/02\/220kV-test-center-8-15x12.jpg 15w\" sizes=\"(max-width: 1000px) 100vw, 1000px\" \/><\/figure>\n\n<\/div><\/div>\n\n<div class=\"gb-grid-column gb-grid-column-d4764a98\"><div class=\"gb-container gb-container-d4764a98\">\n\n<figure class=\"gb-block-image gb-block-image-73d86bee\"><img decoding=\"async\" width=\"1000\" height=\"800\" class=\"gb-image gb-image-73d86bee\" src=\"https:\/\/tengyielectric.com\/wp-content\/uploads\/2026\/02\/220kV-test-center-9.jpg\" alt=\"\" title=\"220kV test center (9)\" srcset=\"https:\/\/tengyielectric.com\/wp-content\/uploads\/2026\/02\/220kV-test-center-9.jpg 1000w, https:\/\/tengyielectric.com\/wp-content\/uploads\/2026\/02\/220kV-test-center-9-300x240.jpg 300w, https:\/\/tengyielectric.com\/wp-content\/uploads\/2026\/02\/220kV-test-center-9-768x614.jpg 768w, https:\/\/tengyielectric.com\/wp-content\/uploads\/2026\/02\/220kV-test-center-9-15x12.jpg 15w\" sizes=\"(max-width: 1000px) 100vw, 1000px\" \/><\/figure>\n\n<\/div><\/div>\n\n<div class=\"gb-grid-column gb-grid-column-8368aa35\"><div class=\"gb-container gb-container-8368aa35\">\n\n<figure class=\"gb-block-image gb-block-image-a2de141c\"><img decoding=\"async\" width=\"1000\" height=\"800\" class=\"gb-image gb-image-a2de141c\" src=\"https:\/\/tengyielectric.com\/wp-content\/uploads\/2026\/02\/220kV-test-center-2.jpg\" alt=\"\" title=\"220kV test center (2)\" srcset=\"https:\/\/tengyielectric.com\/wp-content\/uploads\/2026\/02\/220kV-test-center-2.jpg 1000w, https:\/\/tengyielectric.com\/wp-content\/uploads\/2026\/02\/220kV-test-center-2-300x240.jpg 300w, https:\/\/tengyielectric.com\/wp-content\/uploads\/2026\/02\/220kV-test-center-2-768x614.jpg 768w, https:\/\/tengyielectric.com\/wp-content\/uploads\/2026\/02\/220kV-test-center-2-15x12.jpg 15w\" sizes=\"(max-width: 1000px) 100vw, 1000px\" \/><\/figure>\n\n<\/div><\/div>\n\n<div class=\"gb-grid-column gb-grid-column-5d84cf41\"><div class=\"gb-container gb-container-5d84cf41\">\n\n<figure class=\"gb-block-image gb-block-image-f294f551\"><img decoding=\"async\" width=\"1000\" height=\"800\" class=\"gb-image gb-image-f294f551\" src=\"https:\/\/tengyielectric.com\/wp-content\/uploads\/2026\/02\/220kV-test-center-1.jpg\" alt=\"\" title=\"220kV test center (1)\" srcset=\"https:\/\/tengyielectric.com\/wp-content\/uploads\/2026\/02\/220kV-test-center-1.jpg 1000w, https:\/\/tengyielectric.com\/wp-content\/uploads\/2026\/02\/220kV-test-center-1-300x240.jpg 300w, https:\/\/tengyielectric.com\/wp-content\/uploads\/2026\/02\/220kV-test-center-1-768x614.jpg 768w, https:\/\/tengyielectric.com\/wp-content\/uploads\/2026\/02\/220kV-test-center-1-15x12.jpg 15w\" sizes=\"(max-width: 1000px) 100vw, 1000px\" \/><\/figure>\n\n<\/div><\/div>\n\n<div class=\"gb-grid-column gb-grid-column-efbdda08\"><div class=\"gb-container gb-container-efbdda08\">\n\n<figure class=\"gb-block-image gb-block-image-75738c7e\"><img decoding=\"async\" width=\"1000\" height=\"800\" class=\"gb-image gb-image-75738c7e\" src=\"https:\/\/tengyielectric.com\/wp-content\/uploads\/2026\/02\/220kV-test-center-4.jpg\" alt=\"\" title=\"220kV test center (4)\" srcset=\"https:\/\/tengyielectric.com\/wp-content\/uploads\/2026\/02\/220kV-test-center-4.jpg 1000w, https:\/\/tengyielectric.com\/wp-content\/uploads\/2026\/02\/220kV-test-center-4-300x240.jpg 300w, https:\/\/tengyielectric.com\/wp-content\/uploads\/2026\/02\/220kV-test-center-4-768x614.jpg 768w, https:\/\/tengyielectric.com\/wp-content\/uploads\/2026\/02\/220kV-test-center-4-15x12.jpg 15w\" sizes=\"(max-width: 1000px) 100vw, 1000px\" \/><\/figure>\n\n<\/div><\/div>\n\n<div class=\"gb-grid-column gb-grid-column-076ee826\"><div class=\"gb-container gb-container-076ee826\">\n\n<figure class=\"gb-block-image gb-block-image-2aae6637\"><img decoding=\"async\" width=\"1000\" height=\"800\" class=\"gb-image gb-image-2aae6637\" src=\"https:\/\/tengyielectric.com\/wp-content\/uploads\/2026\/02\/220kV-test-center-5.jpg\" alt=\"\" title=\"220kV test center (5)\" srcset=\"https:\/\/tengyielectric.com\/wp-content\/uploads\/2026\/02\/220kV-test-center-5.jpg 1000w, https:\/\/tengyielectric.com\/wp-content\/uploads\/2026\/02\/220kV-test-center-5-300x240.jpg 300w, https:\/\/tengyielectric.com\/wp-content\/uploads\/2026\/02\/220kV-test-center-5-768x614.jpg 768w, https:\/\/tengyielectric.com\/wp-content\/uploads\/2026\/02\/220kV-test-center-5-15x12.jpg 15w\" sizes=\"(max-width: 1000px) 100vw, 1000px\" \/><\/figure>\n\n<\/div><\/div>\n\n<div class=\"gb-grid-column gb-grid-column-29e9a5c1\"><div class=\"gb-container gb-container-29e9a5c1\">\n\n<figure class=\"gb-block-image gb-block-image-76b5a6c2\"><img decoding=\"async\" width=\"1000\" height=\"800\" class=\"gb-image gb-image-76b5a6c2\" src=\"https:\/\/tengyielectric.com\/wp-content\/uploads\/2026\/02\/test-workshop-7.jpg\" alt=\"\" title=\"test workshop 7\" srcset=\"https:\/\/tengyielectric.com\/wp-content\/uploads\/2026\/02\/test-workshop-7.jpg 1000w, https:\/\/tengyielectric.com\/wp-content\/uploads\/2026\/02\/test-workshop-7-300x240.jpg 300w, https:\/\/tengyielectric.com\/wp-content\/uploads\/2026\/02\/test-workshop-7-768x614.jpg 768w, https:\/\/tengyielectric.com\/wp-content\/uploads\/2026\/02\/test-workshop-7-15x12.jpg 15w\" sizes=\"(max-width: 1000px) 100vw, 1000px\" \/><\/figure>\n\n<\/div><\/div>\n\n<div class=\"gb-grid-column gb-grid-column-836be09f\"><div class=\"gb-container gb-container-836be09f\">\n\n<figure class=\"gb-block-image gb-block-image-d3615707\"><img decoding=\"async\" width=\"1000\" height=\"800\" class=\"gb-image gb-image-d3615707\" src=\"https:\/\/tengyielectric.com\/wp-content\/uploads\/2026\/02\/test-workshop8.jpg\" alt=\"\" title=\"test workshop8\" srcset=\"https:\/\/tengyielectric.com\/wp-content\/uploads\/2026\/02\/test-workshop8.jpg 1000w, https:\/\/tengyielectric.com\/wp-content\/uploads\/2026\/02\/test-workshop8-300x240.jpg 300w, https:\/\/tengyielectric.com\/wp-content\/uploads\/2026\/02\/test-workshop8-768x614.jpg 768w, https:\/\/tengyielectric.com\/wp-content\/uploads\/2026\/02\/test-workshop8-15x12.jpg 15w\" sizes=\"(max-width: 1000px) 100vw, 1000px\" \/><\/figure>\n\n<\/div><\/div>\n<\/div>\n<\/div>\n\n<div class=\"gb-container gb-container-f9e68e6b\">\n\n<a class=\"gb-button gb-button-ef0351a3 gb-button-text\" href=\"#popmake-576\">Personalice sus proyectos<\/a>\n\n<\/div>\n<\/div>\n<\/div>\n<\/div>","protected":false},"excerpt":{"rendered":"<p>Tengyi Testing Workshop Our testing laboratory, situated within our factory, spans over 1,000 square meters and is equipped to test 3 transformers simultaneously. With 2 independent three-phase test systems, high voltage AC test equipment, and &#8230; <\/p>\n<p class=\"read-more-container\"><a title=\"Sistema de pruebas\" class=\"read-more button\" href=\"https:\/\/tengyielectric.com\/es\/testing-system\/#more-477\" aria-label=\"Leer m\u00e1s sobre Testing System\">Leer m\u00e1s<\/a><\/p>","protected":false},"author":2,"featured_media":0,"parent":0,"menu_order":0,"comment_status":"closed","ping_status":"closed","template":"","meta":{"footnotes":""},"class_list":{"0":"post-477","1":"page","2":"type-page","3":"status-publish","5":"no-featured-image-padding"},"yoast_head":"<!-- This site is optimized with the Yoast SEO plugin v27.5 - https:\/\/yoast.com\/product\/yoast-seo-wordpress\/ -->\n<title>Testing System - Tengyi Electric<\/title>\n<meta name=\"robots\" content=\"index, follow, max-snippet:-1, max-image-preview:large, max-video-preview:-1\" \/>\n<link rel=\"canonical\" href=\"https:\/\/tengyielectric.com\/es\/sistema-de-pruebas\/\" \/>\n<meta property=\"og:locale\" content=\"es_ES\" \/>\n<meta property=\"og:type\" content=\"article\" \/>\n<meta property=\"og:title\" content=\"Testing System - Tengyi Electric\" \/>\n<meta property=\"og:description\" content=\"Tengyi Testing Workshop Our testing laboratory, situated within our factory, spans over 1,000 square meters and is equipped to test 3 transformers simultaneously. With 2 independent three-phase test systems, high voltage AC test equipment, and ... Leer m\u00e1s\" \/>\n<meta property=\"og:url\" content=\"https:\/\/tengyielectric.com\/es\/sistema-de-pruebas\/\" \/>\n<meta property=\"og:site_name\" content=\"Tengyi Electric\" \/>\n<meta property=\"article:modified_time\" content=\"2026-02-03T10:42:19+00:00\" \/>\n<meta property=\"og:image\" content=\"https:\/\/tengyielectric.com\/wp-content\/uploads\/2026\/02\/220kV-test-center-6.jpg\" \/>\n<meta name=\"twitter:card\" content=\"summary_large_image\" \/>\n<meta name=\"twitter:label1\" content=\"Tiempo de lectura\" \/>\n\t<meta name=\"twitter:data1\" content=\"3 minutos\" \/>\n<script type=\"application\/ld+json\" class=\"yoast-schema-graph\">{\"@context\":\"https:\\\/\\\/schema.org\",\"@graph\":[{\"@type\":\"WebPage\",\"@id\":\"https:\\\/\\\/tengyielectric.com\\\/testing-system\\\/\",\"url\":\"https:\\\/\\\/tengyielectric.com\\\/testing-system\\\/\",\"name\":\"Testing System - Tengyi Electric\",\"isPartOf\":{\"@id\":\"https:\\\/\\\/tengyielectric.com\\\/#website\"},\"primaryImageOfPage\":{\"@id\":\"https:\\\/\\\/tengyielectric.com\\\/testing-system\\\/#primaryimage\"},\"image\":{\"@id\":\"https:\\\/\\\/tengyielectric.com\\\/testing-system\\\/#primaryimage\"},\"thumbnailUrl\":\"https:\\\/\\\/tengyielectric.com\\\/wp-content\\\/uploads\\\/2026\\\/02\\\/220kV-test-center-6.jpg\",\"datePublished\":\"2024-12-12T10:47:53+00:00\",\"dateModified\":\"2026-02-03T10:42:19+00:00\",\"breadcrumb\":{\"@id\":\"https:\\\/\\\/tengyielectric.com\\\/testing-system\\\/#breadcrumb\"},\"inLanguage\":\"es\",\"potentialAction\":[{\"@type\":\"ReadAction\",\"target\":[\"https:\\\/\\\/tengyielectric.com\\\/testing-system\\\/\"]}]},{\"@type\":\"ImageObject\",\"inLanguage\":\"es\",\"@id\":\"https:\\\/\\\/tengyielectric.com\\\/testing-system\\\/#primaryimage\",\"url\":\"https:\\\/\\\/tengyielectric.com\\\/wp-content\\\/uploads\\\/2026\\\/02\\\/220kV-test-center-6.jpg\",\"contentUrl\":\"https:\\\/\\\/tengyielectric.com\\\/wp-content\\\/uploads\\\/2026\\\/02\\\/220kV-test-center-6.jpg\"},{\"@type\":\"BreadcrumbList\",\"@id\":\"https:\\\/\\\/tengyielectric.com\\\/testing-system\\\/#breadcrumb\",\"itemListElement\":[{\"@type\":\"ListItem\",\"position\":1,\"name\":\"Home\",\"item\":\"https:\\\/\\\/tengyielectric.com\\\/\"},{\"@type\":\"ListItem\",\"position\":2,\"name\":\"Testing System\"}]},{\"@type\":\"WebSite\",\"@id\":\"https:\\\/\\\/tengyielectric.com\\\/#website\",\"url\":\"https:\\\/\\\/tengyielectric.com\\\/\",\"name\":\"Tengyi Electric\",\"description\":\"Leading Manufacturer on Transformer\",\"publisher\":{\"@id\":\"https:\\\/\\\/tengyielectric.com\\\/#organization\"},\"potentialAction\":[{\"@type\":\"SearchAction\",\"target\":{\"@type\":\"EntryPoint\",\"urlTemplate\":\"https:\\\/\\\/tengyielectric.com\\\/?s={search_term_string}\"},\"query-input\":{\"@type\":\"PropertyValueSpecification\",\"valueRequired\":true,\"valueName\":\"search_term_string\"}}],\"inLanguage\":\"es\"},{\"@type\":\"Organization\",\"@id\":\"https:\\\/\\\/tengyielectric.com\\\/#organization\",\"name\":\"Tengyi Electric\",\"url\":\"https:\\\/\\\/tengyielectric.com\\\/\",\"logo\":{\"@type\":\"ImageObject\",\"inLanguage\":\"es\",\"@id\":\"https:\\\/\\\/tengyielectric.com\\\/#\\\/schema\\\/logo\\\/image\\\/\",\"url\":\"https:\\\/\\\/tengyielectric.com\\\/wp-content\\\/uploads\\\/2024\\\/12\\\/logo.jpg\",\"contentUrl\":\"https:\\\/\\\/tengyielectric.com\\\/wp-content\\\/uploads\\\/2024\\\/12\\\/logo.jpg\",\"width\":1800,\"height\":570,\"caption\":\"Tengyi Electric\"},\"image\":{\"@id\":\"https:\\\/\\\/tengyielectric.com\\\/#\\\/schema\\\/logo\\\/image\\\/\"}}]}<\/script>\n<!-- \/ Yoast SEO plugin. -->","yoast_head_json":{"title":"Sistema de pruebas - Tengyi Electric","robots":{"index":"index","follow":"follow","max-snippet":"max-snippet:-1","max-image-preview":"max-image-preview:large","max-video-preview":"max-video-preview:-1"},"canonical":"https:\/\/tengyielectric.com\/es\/sistema-de-pruebas\/","og_locale":"es_ES","og_type":"article","og_title":"Testing System - Tengyi Electric","og_description":"Tengyi Testing Workshop Our testing laboratory, situated within our factory, spans over 1,000 square meters and is equipped to test 3 transformers simultaneously. With 2 independent three-phase test systems, high voltage AC test equipment, and ... Leer m\u00e1s","og_url":"https:\/\/tengyielectric.com\/es\/sistema-de-pruebas\/","og_site_name":"Tengyi Electric","article_modified_time":"2026-02-03T10:42:19+00:00","og_image":[{"url":"https:\/\/tengyielectric.com\/wp-content\/uploads\/2026\/02\/220kV-test-center-6.jpg","type":"","width":"","height":""}],"twitter_card":"summary_large_image","twitter_misc":{"Tiempo de lectura":"3 minutos"},"schema":{"@context":"https:\/\/schema.org","@graph":[{"@type":"WebPage","@id":"https:\/\/tengyielectric.com\/testing-system\/","url":"https:\/\/tengyielectric.com\/testing-system\/","name":"Sistema de pruebas - Tengyi Electric","isPartOf":{"@id":"https:\/\/tengyielectric.com\/#website"},"primaryImageOfPage":{"@id":"https:\/\/tengyielectric.com\/testing-system\/#primaryimage"},"image":{"@id":"https:\/\/tengyielectric.com\/testing-system\/#primaryimage"},"thumbnailUrl":"https:\/\/tengyielectric.com\/wp-content\/uploads\/2026\/02\/220kV-test-center-6.jpg","datePublished":"2024-12-12T10:47:53+00:00","dateModified":"2026-02-03T10:42:19+00:00","breadcrumb":{"@id":"https:\/\/tengyielectric.com\/testing-system\/#breadcrumb"},"inLanguage":"es","potentialAction":[{"@type":"ReadAction","target":["https:\/\/tengyielectric.com\/testing-system\/"]}]},{"@type":"ImageObject","inLanguage":"es","@id":"https:\/\/tengyielectric.com\/testing-system\/#primaryimage","url":"https:\/\/tengyielectric.com\/wp-content\/uploads\/2026\/02\/220kV-test-center-6.jpg","contentUrl":"https:\/\/tengyielectric.com\/wp-content\/uploads\/2026\/02\/220kV-test-center-6.jpg"},{"@type":"BreadcrumbList","@id":"https:\/\/tengyielectric.com\/testing-system\/#breadcrumb","itemListElement":[{"@type":"ListItem","position":1,"name":"Home","item":"https:\/\/tengyielectric.com\/"},{"@type":"ListItem","position":2,"name":"Testing System"}]},{"@type":"WebSite","@id":"https:\/\/tengyielectric.com\/#website","url":"https:\/\/tengyielectric.com\/","name":"Tengyi Electric","description":"Fabricante l\u00edder en transformadores","publisher":{"@id":"https:\/\/tengyielectric.com\/#organization"},"potentialAction":[{"@type":"SearchAction","target":{"@type":"EntryPoint","urlTemplate":"https:\/\/tengyielectric.com\/?s={search_term_string}"},"query-input":{"@type":"PropertyValueSpecification","valueRequired":true,"valueName":"search_term_string"}}],"inLanguage":"es"},{"@type":"Organization","@id":"https:\/\/tengyielectric.com\/#organization","name":"Tengyi Electric","url":"https:\/\/tengyielectric.com\/","logo":{"@type":"ImageObject","inLanguage":"es","@id":"https:\/\/tengyielectric.com\/#\/schema\/logo\/image\/","url":"https:\/\/tengyielectric.com\/wp-content\/uploads\/2024\/12\/logo.jpg","contentUrl":"https:\/\/tengyielectric.com\/wp-content\/uploads\/2024\/12\/logo.jpg","width":1800,"height":570,"caption":"Tengyi Electric"},"image":{"@id":"https:\/\/tengyielectric.com\/#\/schema\/logo\/image\/"}}]}},"_links":{"self":[{"href":"https:\/\/tengyielectric.com\/es\/wp-json\/wp\/v2\/pages\/477","targetHints":{"allow":["GET"]}}],"collection":[{"href":"https:\/\/tengyielectric.com\/es\/wp-json\/wp\/v2\/pages"}],"about":[{"href":"https:\/\/tengyielectric.com\/es\/wp-json\/wp\/v2\/types\/page"}],"author":[{"embeddable":true,"href":"https:\/\/tengyielectric.com\/es\/wp-json\/wp\/v2\/users\/2"}],"replies":[{"embeddable":true,"href":"https:\/\/tengyielectric.com\/es\/wp-json\/wp\/v2\/comments?post=477"}],"version-history":[{"count":0,"href":"https:\/\/tengyielectric.com\/es\/wp-json\/wp\/v2\/pages\/477\/revisions"}],"wp:attachment":[{"href":"https:\/\/tengyielectric.com\/es\/wp-json\/wp\/v2\/media?parent=477"}],"curies":[{"name":"wp","href":"https:\/\/api.w.org\/{rel}","templated":true}]}}